{"id":922,"date":"2022-08-02T18:18:56","date_gmt":"2022-08-02T16:18:56","guid":{"rendered":"https:\/\/www.chancoandco.be\/?page_id=922"},"modified":"2022-09-12T17:12:01","modified_gmt":"2022-09-12T15:12:01","slug":"candidature-interim-manager","status":"publish","type":"page","link":"https:\/\/www.chancoandco.be\/index.php\/fr\/candidature-interim-manager\/","title":{"rendered":"Candidature Interim Manager"},"content":{"rendered":"\n<div class=\"wp-block-contact-form-7-contact-form-selector\">\n<div class=\"wpcf7 no-js\" id=\"wpcf7-f935-o1\" lang=\"fr-FR\" dir=\"ltr\" data-wpcf7-id=\"935\">\n<div class=\"screen-reader-response\"><p role=\"status\" aria-live=\"polite\" aria-atomic=\"true\"><\/p> <ul><\/ul><\/div>\n<form action=\"\/index.php\/wp-json\/wp\/v2\/pages\/922#wpcf7-f935-o1\" method=\"post\" class=\"wpcf7-form init\" aria-label=\"Formulaire de contact\" enctype=\"multipart\/form-data\" novalidate=\"novalidate\" data-status=\"init\">\n<fieldset class=\"hidden-fields-container\"><input type=\"hidden\" name=\"_wpcf7\" value=\"935\" \/><input type=\"hidden\" name=\"_wpcf7_version\" value=\"6.1.5\" \/><input type=\"hidden\" name=\"_wpcf7_locale\" value=\"fr_FR\" \/><input type=\"hidden\" name=\"_wpcf7_unit_tag\" value=\"wpcf7-f935-o1\" \/><input type=\"hidden\" name=\"_wpcf7_container_post\" value=\"0\" \/><input type=\"hidden\" name=\"_wpcf7_posted_data_hash\" value=\"\" \/>\n<\/fieldset>\n<p><label> Pr\u00e9nom<br \/>\n<span class=\"wpcf7-form-control-wrap\" data-name=\"your-first-name\"><input size=\"40\" maxlength=\"400\" class=\"wpcf7-form-control wpcf7-text wpcf7-validates-as-required\" aria-required=\"true\" aria-invalid=\"false\" value=\"\" type=\"text\" name=\"your-first-name\" \/><\/span> <\/label><label> Nom<br \/>\n<span class=\"wpcf7-form-control-wrap\" data-name=\"your-last-name\"><input size=\"40\" maxlength=\"400\" class=\"wpcf7-form-control wpcf7-text wpcf7-validates-as-required\" aria-required=\"true\" aria-invalid=\"false\" value=\"\" type=\"text\" name=\"your-last-name\" \/><\/span> <\/label><br \/>\n<label> Votre e-mail<br \/>\n<span class=\"wpcf7-form-control-wrap\" data-name=\"uw-email\"><input size=\"40\" maxlength=\"400\" class=\"wpcf7-form-control wpcf7-email wpcf7-validates-as-required wpcf7-text wpcf7-validates-as-email\" aria-required=\"true\" aria-invalid=\"false\" value=\"\" type=\"email\" name=\"uw-email\" \/><\/span> <\/label><label> GSM<br \/>\n<span class=\"wpcf7-form-control-wrap\" data-name=\"tel-360\"><input size=\"40\" maxlength=\"400\" class=\"wpcf7-form-control wpcf7-tel wpcf7-validates-as-required wpcf7-text wpcf7-validates-as-tel\" aria-required=\"true\" aria-invalid=\"false\" value=\"\" type=\"tel\" name=\"tel-360\" \/><\/span> <\/label>\n<\/p>\n<p><label> D\u00e9crivez vos exp\u00e9riences :<br \/>\n<span class=\"wpcf7-form-control-wrap\" data-name=\"your-message\"><textarea cols=\"40\" rows=\"10\" maxlength=\"2000\" class=\"wpcf7-form-control wpcf7-textarea wpcf7-validates-as-required\" aria-required=\"true\" aria-invalid=\"false\" name=\"your-message\"><\/textarea><\/span> <\/label>\n<\/p>\n<p><label> Disponibilit\u00e9<br \/>\n<span class=\"wpcf7-form-control-wrap\" data-name=\"Availability\"><input class=\"wpcf7-form-control wpcf7-date wpcf7-validates-as-required wpcf7-validates-as-date\" aria-required=\"true\" aria-invalid=\"false\" value=\"\" type=\"date\" name=\"Availability\" \/><\/span> <\/label><label><br \/>\nNombre maximum de personnes sous votre responsabilit\u00e9<br \/>\n<span class=\"wpcf7-form-control-wrap\" data-name=\"Maximumofpersonsyouevermanaged\"><input class=\"wpcf7-form-control wpcf7-number wpcf7-validates-as-required wpcf7-validates-as-number\" aria-required=\"true\" aria-invalid=\"false\" placeholder=\"Calculez aussi les &#039;indirects&#039;\" value=\"\" type=\"number\" name=\"Maximumofpersonsyouevermanaged\" \/><\/span> <\/label>\n<\/p>\n<p><label> Fee journalier minimum<br \/>\n<span class=\"wpcf7-form-control-wrap\" data-name=\"Minimumdailyfee\"><input class=\"wpcf7-form-control wpcf7-number wpcf7-validates-as-required wpcf7-validates-as-number\" aria-required=\"true\" aria-invalid=\"false\" value=\"\" type=\"number\" name=\"Minimumdailyfee\" \/><\/span> <\/label><label> Fee journalier maximum<br \/>\n<span class=\"wpcf7-form-control-wrap\" data-name=\"Maximumdailyfee\"><input class=\"wpcf7-form-control wpcf7-number wpcf7-validates-as-required wpcf7-validates-as-number\" aria-required=\"true\" aria-invalid=\"false\" value=\"\" type=\"number\" name=\"Maximumdailyfee\" \/><\/span> <\/label>\n<\/p>\n<p><label> Status <\/label><br \/>\n<span class=\"wpcf7-form-control-wrap\" data-name=\"radio-673\"><span class=\"wpcf7-form-control wpcf7-radio\"><span class=\"wpcf7-list-item first\"><label><span class=\"wpcf7-list-item-label\">Je suis ind\u00e9pendant ou suis pr\u00eat \u00e0 devenir ind\u00e9pendant<\/span><input type=\"radio\" name=\"radio-673\" value=\"Je suis ind\u00e9pendant ou suis pr\u00eat \u00e0 devenir ind\u00e9pendant\" checked=\"checked\" \/><\/label><\/span><span class=\"wpcf7-list-item last\"><label><span class=\"wpcf7-list-item-label\">Je ne suis pas ind\u00e9pendant<\/span><input type=\"radio\" name=\"radio-673\" value=\"Je ne suis pas ind\u00e9pendant\" \/><\/label><\/span><\/span><\/span>\n<\/p>\n<p><label> Envoyez-nous votre CV ici (.pdf ou .doc uniquement)<br \/>\n<span class=\"wpcf7-form-control-wrap\" data-name=\"file-866\"><input size=\"40\" class=\"wpcf7-form-control wpcf7-file wpcf7-validates-as-required\" accept=\".doc,.pdf\" aria-required=\"true\" aria-invalid=\"false\" type=\"file\" name=\"file-866\" \/><\/span> <\/label>\n<\/p>\n<p><input class=\"wpcf7-form-control wpcf7-submit has-spinner\" type=\"submit\" value=\"Envoyer\" \/>\n<\/p><p style=\"display: none !important;\" class=\"akismet-fields-container\" data-prefix=\"_wpcf7_ak_\"><label>&#916;<textarea name=\"_wpcf7_ak_hp_textarea\" cols=\"45\" rows=\"8\" maxlength=\"100\"><\/textarea><\/label><input type=\"hidden\" id=\"ak_js_1\" name=\"_wpcf7_ak_js\" value=\"183\"\/><script type=\"text\/javascript\">\n\/* <![CDATA[ *\/\ndocument.getElementById( \"ak_js_1\" ).setAttribute( \"value\", ( new Date() ).getTime() );\n\/* ]]> *\/\n<\/script>\n<\/p><div class=\"wpcf7-response-output\" aria-hidden=\"true\"><\/div>\n<\/form>\n<\/div>\n<\/div>\n","protected":false},"excerpt":{"rendered":"","protected":false},"author":2,"featured_media":0,"parent":0,"menu_order":0,"comment_status":"closed","ping_status":"closed","template":"","meta":{"_monsterinsights_skip_tracking":false,"_monsterinsights_sitenote_active":false,"_monsterinsights_sitenote_note":"","_monsterinsights_sitenote_category":0,"footnotes":""},"class_list":["post-922","page","type-page","status-publish","hentry"],"yoast_head":"<!-- This site is optimized with the Yoast SEO plugin v27.5 - https:\/\/yoast.com\/product\/yoast-seo-wordpress\/ -->\n<title>Candidature Interim Manager - Chanco &amp; Co - Highly flexible Interim Manager<\/title>\n<meta name=\"description\" content=\"Des Top Interim Manager s\u00e9lectionn\u00e9s sur base de notre expertise pratique. Une solution de Management rapide, durable et tr\u00e8s flexible !\" \/>\n<meta name=\"robots\" content=\"index, follow, max-snippet:-1, max-image-preview:large, max-video-preview:-1\" \/>\n<link rel=\"canonical\" href=\"https:\/\/www.chancoandco.be\/index.php\/fr\/candidature-interim-manager\/\" \/>\n<meta property=\"og:locale\" content=\"fr_FR\" \/>\n<meta property=\"og:type\" content=\"article\" \/>\n<meta property=\"og:title\" content=\"Candidature Interim Manager - Chanco &amp; Co - Highly flexible Interim Manager\" \/>\n<meta property=\"og:description\" content=\"Des Top Interim Manager s\u00e9lectionn\u00e9s sur base de notre expertise pratique. Une solution de Management rapide, durable et tr\u00e8s flexible !\" \/>\n<meta property=\"og:url\" content=\"https:\/\/www.chancoandco.be\/index.php\/fr\/candidature-interim-manager\/\" \/>\n<meta property=\"og:site_name\" content=\"Chanco &amp; Co - Highly flexible Interim Manager\" \/>\n<meta property=\"article:modified_time\" content=\"2022-09-12T15:12:01+00:00\" \/>\n<meta name=\"twitter:card\" content=\"summary_large_image\" \/>\n<meta name=\"twitter:site\" content=\"@MichelJFouarge\" \/>\n<meta name=\"twitter:label1\" content=\"Dur\u00e9e de lecture estim\u00e9e\" \/>\n\t<meta name=\"twitter:data1\" content=\"1 minute\" \/>\n<script type=\"application\/ld+json\" class=\"yoast-schema-graph\">{\"@context\":\"https:\\\/\\\/schema.org\",\"@graph\":[{\"@type\":\"WebPage\",\"@id\":\"https:\\\/\\\/www.chancoandco.be\\\/index.php\\\/fr\\\/candidature-interim-manager\\\/\",\"url\":\"https:\\\/\\\/www.chancoandco.be\\\/index.php\\\/fr\\\/candidature-interim-manager\\\/\",\"name\":\"Candidature Interim Manager - Chanco &amp; Co - Highly flexible Interim Manager\",\"isPartOf\":{\"@id\":\"https:\\\/\\\/www.chancoandco.be\\\/#website\"},\"datePublished\":\"2022-08-02T16:18:56+00:00\",\"dateModified\":\"2022-09-12T15:12:01+00:00\",\"description\":\"Des Top Interim Manager s\u00e9lectionn\u00e9s sur base de notre expertise pratique. Une solution de Management rapide, durable et tr\u00e8s flexible !\",\"breadcrumb\":{\"@id\":\"https:\\\/\\\/www.chancoandco.be\\\/index.php\\\/fr\\\/candidature-interim-manager\\\/#breadcrumb\"},\"inLanguage\":\"fr-FR\",\"potentialAction\":[{\"@type\":\"ReadAction\",\"target\":[\"https:\\\/\\\/www.chancoandco.be\\\/index.php\\\/fr\\\/candidature-interim-manager\\\/\"]}]},{\"@type\":\"BreadcrumbList\",\"@id\":\"https:\\\/\\\/www.chancoandco.be\\\/index.php\\\/fr\\\/candidature-interim-manager\\\/#breadcrumb\",\"itemListElement\":[{\"@type\":\"ListItem\",\"position\":1,\"name\":\"Accueil\",\"item\":\"https:\\\/\\\/www.chancoandco.be\\\/index.php\\\/en\\\/home\\\/\"},{\"@type\":\"ListItem\",\"position\":2,\"name\":\"Candidature Interim Manager\"}]},{\"@type\":\"WebSite\",\"@id\":\"https:\\\/\\\/www.chancoandco.be\\\/#website\",\"url\":\"https:\\\/\\\/www.chancoandco.be\\\/\",\"name\":\"Chanco &amp; Co - Highly flexible Interim Manager\",\"description\":\"Consultancy in highly flexible Interim Management\",\"publisher\":{\"@id\":\"https:\\\/\\\/www.chancoandco.be\\\/#organization\"},\"potentialAction\":[{\"@type\":\"SearchAction\",\"target\":{\"@type\":\"EntryPoint\",\"urlTemplate\":\"https:\\\/\\\/www.chancoandco.be\\\/?s={search_term_string}\"},\"query-input\":{\"@type\":\"PropertyValueSpecification\",\"valueRequired\":true,\"valueName\":\"search_term_string\"}}],\"inLanguage\":\"fr-FR\"},{\"@type\":\"Organization\",\"@id\":\"https:\\\/\\\/www.chancoandco.be\\\/#organization\",\"name\":\"Chanco & Co - Highly Flexible Interim Managers\",\"url\":\"https:\\\/\\\/www.chancoandco.be\\\/\",\"logo\":{\"@type\":\"ImageObject\",\"inLanguage\":\"fr-FR\",\"@id\":\"https:\\\/\\\/www.chancoandco.be\\\/#\\\/schema\\\/logo\\\/image\\\/\",\"url\":\"https:\\\/\\\/www.chancoandco.be\\\/wp-content\\\/uploads\\\/2019\\\/07\\\/logo-248-150-1.png\",\"contentUrl\":\"https:\\\/\\\/www.chancoandco.be\\\/wp-content\\\/uploads\\\/2019\\\/07\\\/logo-248-150-1.png\",\"width\":248,\"height\":150,\"caption\":\"Chanco & Co - Highly Flexible Interim Managers\"},\"image\":{\"@id\":\"https:\\\/\\\/www.chancoandco.be\\\/#\\\/schema\\\/logo\\\/image\\\/\"},\"sameAs\":[\"https:\\\/\\\/x.com\\\/MichelJFouarge\",\"https:\\\/\\\/www.linkedin.com\\\/company\\\/chancoandco\\\/about\\\/\",\"https:\\\/\\\/www.linkedin.com\\\/in\\\/micheljfouarge\\\/\"]}]}<\/script>\n<!-- \/ Yoast SEO plugin. -->","yoast_head_json":{"title":"Candidature Interim Manager - Chanco &amp; Co - Highly flexible Interim Manager","description":"Des Top Interim Manager s\u00e9lectionn\u00e9s sur base de notre expertise pratique. Une solution de Management rapide, durable et tr\u00e8s flexible !","robots":{"index":"index","follow":"follow","max-snippet":"max-snippet:-1","max-image-preview":"max-image-preview:large","max-video-preview":"max-video-preview:-1"},"canonical":"https:\/\/www.chancoandco.be\/index.php\/fr\/candidature-interim-manager\/","og_locale":"fr_FR","og_type":"article","og_title":"Candidature Interim Manager - Chanco &amp; Co - Highly flexible Interim Manager","og_description":"Des Top Interim Manager s\u00e9lectionn\u00e9s sur base de notre expertise pratique. Une solution de Management rapide, durable et tr\u00e8s flexible !","og_url":"https:\/\/www.chancoandco.be\/index.php\/fr\/candidature-interim-manager\/","og_site_name":"Chanco &amp; Co - Highly flexible Interim Manager","article_modified_time":"2022-09-12T15:12:01+00:00","twitter_card":"summary_large_image","twitter_site":"@MichelJFouarge","twitter_misc":{"Dur\u00e9e de lecture estim\u00e9e":"1 minute"},"schema":{"@context":"https:\/\/schema.org","@graph":[{"@type":"WebPage","@id":"https:\/\/www.chancoandco.be\/index.php\/fr\/candidature-interim-manager\/","url":"https:\/\/www.chancoandco.be\/index.php\/fr\/candidature-interim-manager\/","name":"Candidature Interim Manager - Chanco &amp; Co - Highly flexible Interim Manager","isPartOf":{"@id":"https:\/\/www.chancoandco.be\/#website"},"datePublished":"2022-08-02T16:18:56+00:00","dateModified":"2022-09-12T15:12:01+00:00","description":"Des Top Interim Manager s\u00e9lectionn\u00e9s sur base de notre expertise pratique. Une solution de Management rapide, durable et tr\u00e8s flexible !","breadcrumb":{"@id":"https:\/\/www.chancoandco.be\/index.php\/fr\/candidature-interim-manager\/#breadcrumb"},"inLanguage":"fr-FR","potentialAction":[{"@type":"ReadAction","target":["https:\/\/www.chancoandco.be\/index.php\/fr\/candidature-interim-manager\/"]}]},{"@type":"BreadcrumbList","@id":"https:\/\/www.chancoandco.be\/index.php\/fr\/candidature-interim-manager\/#breadcrumb","itemListElement":[{"@type":"ListItem","position":1,"name":"Accueil","item":"https:\/\/www.chancoandco.be\/index.php\/en\/home\/"},{"@type":"ListItem","position":2,"name":"Candidature Interim Manager"}]},{"@type":"WebSite","@id":"https:\/\/www.chancoandco.be\/#website","url":"https:\/\/www.chancoandco.be\/","name":"Chanco &amp; Co - Highly flexible Interim Manager","description":"Consultancy in highly flexible Interim Management","publisher":{"@id":"https:\/\/www.chancoandco.be\/#organization"},"potentialAction":[{"@type":"SearchAction","target":{"@type":"EntryPoint","urlTemplate":"https:\/\/www.chancoandco.be\/?s={search_term_string}"},"query-input":{"@type":"PropertyValueSpecification","valueRequired":true,"valueName":"search_term_string"}}],"inLanguage":"fr-FR"},{"@type":"Organization","@id":"https:\/\/www.chancoandco.be\/#organization","name":"Chanco & Co - Highly Flexible Interim Managers","url":"https:\/\/www.chancoandco.be\/","logo":{"@type":"ImageObject","inLanguage":"fr-FR","@id":"https:\/\/www.chancoandco.be\/#\/schema\/logo\/image\/","url":"https:\/\/www.chancoandco.be\/wp-content\/uploads\/2019\/07\/logo-248-150-1.png","contentUrl":"https:\/\/www.chancoandco.be\/wp-content\/uploads\/2019\/07\/logo-248-150-1.png","width":248,"height":150,"caption":"Chanco & Co - Highly Flexible Interim Managers"},"image":{"@id":"https:\/\/www.chancoandco.be\/#\/schema\/logo\/image\/"},"sameAs":["https:\/\/x.com\/MichelJFouarge","https:\/\/www.linkedin.com\/company\/chancoandco\/about\/","https:\/\/www.linkedin.com\/in\/micheljfouarge\/"]}]}},"_links":{"self":[{"href":"https:\/\/www.chancoandco.be\/index.php\/wp-json\/wp\/v2\/pages\/922","targetHints":{"allow":["GET"]}}],"collection":[{"href":"https:\/\/www.chancoandco.be\/index.php\/wp-json\/wp\/v2\/pages"}],"about":[{"href":"https:\/\/www.chancoandco.be\/index.php\/wp-json\/wp\/v2\/types\/page"}],"author":[{"embeddable":true,"href":"https:\/\/www.chancoandco.be\/index.php\/wp-json\/wp\/v2\/users\/2"}],"replies":[{"embeddable":true,"href":"https:\/\/www.chancoandco.be\/index.php\/wp-json\/wp\/v2\/comments?post=922"}],"version-history":[{"count":2,"href":"https:\/\/www.chancoandco.be\/index.php\/wp-json\/wp\/v2\/pages\/922\/revisions"}],"predecessor-version":[{"id":936,"href":"https:\/\/www.chancoandco.be\/index.php\/wp-json\/wp\/v2\/pages\/922\/revisions\/936"}],"wp:attachment":[{"href":"https:\/\/www.chancoandco.be\/index.php\/wp-json\/wp\/v2\/media?parent=922"}],"curies":[{"name":"wp","href":"https:\/\/api.w.org\/{rel}","templated":true}]}}