{"id":896,"date":"2022-08-01T21:09:30","date_gmt":"2022-08-01T19:09:30","guid":{"rendered":"https:\/\/www.chancoandco.be\/?page_id=896"},"modified":"2022-09-14T20:44:21","modified_gmt":"2022-09-14T18:44:21","slug":"klant","status":"publish","type":"page","link":"https:\/\/www.chancoandco.be\/index.php\/klant\/","title":{"rendered":"Klant"},"content":{"rendered":"\n<div class=\"wp-block-columns is-layout-flex wp-container-core-columns-is-layout-9d6595d7 wp-block-columns-is-layout-flex\">\n<div class=\"wp-block-column is-layout-flow wp-block-column-is-layout-flow\" style=\"flex-basis:100%\">\n<p class=\"has-text-align-left\">Omdat de wereld steeds sneller verandert, heeft u de grootst mogelijk flexibiliteit en snelheid in interim management nodig. Wat biedt u onze transparante en flexibele aanpak ? <\/p>\n\n\n\n<ul class=\"wp-block-list\"><li>Dankzij onze professionele en projectmatige aanpak kunnen we u snel onze beste selectie Interim Managers voorstellen.<\/li><li>Een direct en gratis contract hebben met de Interim Manager.<\/li><li>Maximaal 9 maanden wervingskosten . Daarna is uw contract gratis voor de door u gewenste tijd. Bespaar tot 90.000\u20ac op twee jaar!<\/li><li>Om een \u200b\u200boptimale selectie mogelijk te maken werken wij bij voorkeur met een exclusiviteit van 4 dagen.<\/li><\/ul>\n\n\n<div class=\"wp-block-image\">\n<figure class=\"alignleft size-large is-resized\"><img loading=\"lazy\" decoding=\"async\" src=\"http:\/\/chancoandco.be\/wp-content\/uploads\/2018\/02\/shutterstock_251834749-300x200.jpg\" alt=\"\" class=\"wp-image-231\" width=\"496\" height=\"330\" srcset=\"https:\/\/www.chancoandco.be\/wp-content\/uploads\/2018\/02\/shutterstock_251834749-300x200.jpg 300w, https:\/\/www.chancoandco.be\/wp-content\/uploads\/2018\/02\/shutterstock_251834749-768x512.jpg 768w, https:\/\/www.chancoandco.be\/wp-content\/uploads\/2018\/02\/shutterstock_251834749-1024x683.jpg 1024w, https:\/\/www.chancoandco.be\/wp-content\/uploads\/2018\/02\/shutterstock_251834749-800x533.jpg 800w\" sizes=\"auto, (max-width: 496px) 100vw, 496px\" \/><\/figure><\/div>\n\n\n<p>In de volgende Interim Management situaties levert Chanco &amp; Co u de best beschikbare Interim Managers om u binnen de juiste timing de juiste oplossing te bieden:<\/p>\n\n\n\n<div class=\"wp-block-columns is-layout-flex wp-container-core-columns-is-layout-9d6595d7 wp-block-columns-is-layout-flex\">\n<div class=\"wp-block-column is-layout-flow wp-block-column-is-layout-flow\" style=\"flex-basis:100%\">\n<ul class=\"wp-block-list\"><li>projecten waar kennis of tijd nodig is<\/li><li>overgang in moeilijke omstandigheden of niet<\/li><li>crisis van een organisatie of van een afdeling<\/li><\/ul>\n<\/div>\n<\/div>\n\n\n\n<p>Herkent u uw situatie? Wilt u dat wij een snelle, duurzame en effici\u00ebnte oplossing vinden dankzij \u00e9\u00e9n van onze Interim Managers?<\/p>\n\n\n\n<p>Wij helpen u graag bij het vinden van de beste Interim Manager. Bel ons op <a href=\"tel:+32485083557\">+32 485 08 35 57<\/a> of neem hier contact met ons per email : <a href=\"mailto:michel.j.fouarge@chancoandco.be\">michel.j.fouarge@chancoandco.be<\/a><\/p>\n<\/div>\n<\/div>\n","protected":false},"excerpt":{"rendered":"<p>Omdat de wereld steeds sneller verandert, heeft u de grootst mogelijk flexibiliteit en snelheid in interim management nodig. Wat biedt u onze transparante en flexibele aanpak ? Dankzij onze professionele en projectmatige<a class=\"moretag\" href=\"https:\/\/www.chancoandco.be\/index.php\/klant\/\">Read More&#8230;<\/a><\/p>\n","protected":false},"author":2,"featured_media":0,"parent":0,"menu_order":0,"comment_status":"closed","ping_status":"closed","template":"","meta":{"_monsterinsights_skip_tracking":false,"_monsterinsights_sitenote_active":false,"_monsterinsights_sitenote_note":"","_monsterinsights_sitenote_category":0,"footnotes":""},"class_list":["post-896","page","type-page","status-publish","hentry"],"yoast_head":"<!-- This site is optimized with the Yoast SEO plugin v27.3 - https:\/\/yoast.com\/product\/yoast-seo-wordpress\/ -->\n<title>Klant - Chanco &amp; Co - Highly flexible Interim Manager<\/title>\n<meta name=\"description\" content=\"De beste Interim Managers geselecteerd op basis van onze praktische expertise. Een snelle, duurzame en zeer flexibele management oplossing.\" \/>\n<meta name=\"robots\" content=\"index, follow, max-snippet:-1, max-image-preview:large, max-video-preview:-1\" \/>\n<link rel=\"canonical\" href=\"https:\/\/www.chancoandco.be\/index.php\/klant\/\" \/>\n<meta property=\"og:locale\" content=\"fr_FR\" \/>\n<meta property=\"og:type\" content=\"article\" \/>\n<meta property=\"og:title\" content=\"Klant - Chanco &amp; Co - Highly flexible Interim Manager\" \/>\n<meta property=\"og:description\" content=\"De beste Interim Managers geselecteerd op basis van onze praktische expertise. Een snelle, duurzame en zeer flexibele management oplossing.\" \/>\n<meta property=\"og:url\" content=\"https:\/\/www.chancoandco.be\/index.php\/klant\/\" \/>\n<meta property=\"og:site_name\" content=\"Chanco &amp; Co - Highly flexible Interim Manager\" \/>\n<meta property=\"article:modified_time\" content=\"2022-09-14T18:44:21+00:00\" \/>\n<meta property=\"og:image\" content=\"http:\/\/chancoandco.be\/wp-content\/uploads\/2018\/02\/shutterstock_251834749-300x200.jpg\" \/>\n<meta name=\"twitter:card\" content=\"summary_large_image\" \/>\n<meta name=\"twitter:site\" content=\"@MichelJFouarge\" \/>\n<meta name=\"twitter:label1\" content=\"Dur\u00e9e de lecture estim\u00e9e\" \/>\n\t<meta name=\"twitter:data1\" content=\"2 minutes\" \/>\n<script type=\"application\/ld+json\" class=\"yoast-schema-graph\">{\"@context\":\"https:\\\/\\\/schema.org\",\"@graph\":[{\"@type\":\"WebPage\",\"@id\":\"https:\\\/\\\/www.chancoandco.be\\\/index.php\\\/klant\\\/\",\"url\":\"https:\\\/\\\/www.chancoandco.be\\\/index.php\\\/klant\\\/\",\"name\":\"Klant - Chanco &amp; Co - Highly flexible Interim Manager\",\"isPartOf\":{\"@id\":\"https:\\\/\\\/www.chancoandco.be\\\/#website\"},\"primaryImageOfPage\":{\"@id\":\"https:\\\/\\\/www.chancoandco.be\\\/index.php\\\/klant\\\/#primaryimage\"},\"image\":{\"@id\":\"https:\\\/\\\/www.chancoandco.be\\\/index.php\\\/klant\\\/#primaryimage\"},\"thumbnailUrl\":\"http:\\\/\\\/chancoandco.be\\\/wp-content\\\/uploads\\\/2018\\\/02\\\/shutterstock_251834749-300x200.jpg\",\"datePublished\":\"2022-08-01T19:09:30+00:00\",\"dateModified\":\"2022-09-14T18:44:21+00:00\",\"description\":\"De beste Interim Managers geselecteerd op basis van onze praktische expertise. Een snelle, duurzame en zeer flexibele management oplossing.\",\"breadcrumb\":{\"@id\":\"https:\\\/\\\/www.chancoandco.be\\\/index.php\\\/klant\\\/#breadcrumb\"},\"inLanguage\":\"fr-FR\",\"potentialAction\":[{\"@type\":\"ReadAction\",\"target\":[\"https:\\\/\\\/www.chancoandco.be\\\/index.php\\\/klant\\\/\"]}]},{\"@type\":\"ImageObject\",\"inLanguage\":\"fr-FR\",\"@id\":\"https:\\\/\\\/www.chancoandco.be\\\/index.php\\\/klant\\\/#primaryimage\",\"url\":\"http:\\\/\\\/chancoandco.be\\\/wp-content\\\/uploads\\\/2018\\\/02\\\/shutterstock_251834749-300x200.jpg\",\"contentUrl\":\"http:\\\/\\\/chancoandco.be\\\/wp-content\\\/uploads\\\/2018\\\/02\\\/shutterstock_251834749-300x200.jpg\"},{\"@type\":\"BreadcrumbList\",\"@id\":\"https:\\\/\\\/www.chancoandco.be\\\/index.php\\\/klant\\\/#breadcrumb\",\"itemListElement\":[{\"@type\":\"ListItem\",\"position\":1,\"name\":\"Accueil\",\"item\":\"https:\\\/\\\/www.chancoandco.be\\\/index.php\\\/en\\\/home\\\/\"},{\"@type\":\"ListItem\",\"position\":2,\"name\":\"Klant\"}]},{\"@type\":\"WebSite\",\"@id\":\"https:\\\/\\\/www.chancoandco.be\\\/#website\",\"url\":\"https:\\\/\\\/www.chancoandco.be\\\/\",\"name\":\"Chanco &amp; Co - Highly flexible Interim Manager\",\"description\":\"Consultancy in highly flexible Interim Management\",\"publisher\":{\"@id\":\"https:\\\/\\\/www.chancoandco.be\\\/#organization\"},\"potentialAction\":[{\"@type\":\"SearchAction\",\"target\":{\"@type\":\"EntryPoint\",\"urlTemplate\":\"https:\\\/\\\/www.chancoandco.be\\\/?s={search_term_string}\"},\"query-input\":{\"@type\":\"PropertyValueSpecification\",\"valueRequired\":true,\"valueName\":\"search_term_string\"}}],\"inLanguage\":\"fr-FR\"},{\"@type\":\"Organization\",\"@id\":\"https:\\\/\\\/www.chancoandco.be\\\/#organization\",\"name\":\"Chanco & Co - Highly Flexible Interim Managers\",\"url\":\"https:\\\/\\\/www.chancoandco.be\\\/\",\"logo\":{\"@type\":\"ImageObject\",\"inLanguage\":\"fr-FR\",\"@id\":\"https:\\\/\\\/www.chancoandco.be\\\/#\\\/schema\\\/logo\\\/image\\\/\",\"url\":\"https:\\\/\\\/www.chancoandco.be\\\/wp-content\\\/uploads\\\/2019\\\/07\\\/logo-248-150-1.png\",\"contentUrl\":\"https:\\\/\\\/www.chancoandco.be\\\/wp-content\\\/uploads\\\/2019\\\/07\\\/logo-248-150-1.png\",\"width\":248,\"height\":150,\"caption\":\"Chanco & Co - Highly Flexible Interim Managers\"},\"image\":{\"@id\":\"https:\\\/\\\/www.chancoandco.be\\\/#\\\/schema\\\/logo\\\/image\\\/\"},\"sameAs\":[\"https:\\\/\\\/x.com\\\/MichelJFouarge\",\"https:\\\/\\\/www.linkedin.com\\\/company\\\/chancoandco\\\/about\\\/\",\"https:\\\/\\\/www.linkedin.com\\\/in\\\/micheljfouarge\\\/\"]}]}<\/script>\n<!-- \/ Yoast SEO plugin. -->","yoast_head_json":{"title":"Klant - Chanco &amp; Co - Highly flexible Interim Manager","description":"De beste Interim Managers geselecteerd op basis van onze praktische expertise. Een snelle, duurzame en zeer flexibele management oplossing.","robots":{"index":"index","follow":"follow","max-snippet":"max-snippet:-1","max-image-preview":"max-image-preview:large","max-video-preview":"max-video-preview:-1"},"canonical":"https:\/\/www.chancoandco.be\/index.php\/klant\/","og_locale":"fr_FR","og_type":"article","og_title":"Klant - Chanco &amp; Co - Highly flexible Interim Manager","og_description":"De beste Interim Managers geselecteerd op basis van onze praktische expertise. Een snelle, duurzame en zeer flexibele management oplossing.","og_url":"https:\/\/www.chancoandco.be\/index.php\/klant\/","og_site_name":"Chanco &amp; Co - Highly flexible Interim Manager","article_modified_time":"2022-09-14T18:44:21+00:00","og_image":[{"url":"http:\/\/chancoandco.be\/wp-content\/uploads\/2018\/02\/shutterstock_251834749-300x200.jpg","type":"","width":"","height":""}],"twitter_card":"summary_large_image","twitter_site":"@MichelJFouarge","twitter_misc":{"Dur\u00e9e de lecture estim\u00e9e":"2 minutes"},"schema":{"@context":"https:\/\/schema.org","@graph":[{"@type":"WebPage","@id":"https:\/\/www.chancoandco.be\/index.php\/klant\/","url":"https:\/\/www.chancoandco.be\/index.php\/klant\/","name":"Klant - Chanco &amp; Co - Highly flexible Interim Manager","isPartOf":{"@id":"https:\/\/www.chancoandco.be\/#website"},"primaryImageOfPage":{"@id":"https:\/\/www.chancoandco.be\/index.php\/klant\/#primaryimage"},"image":{"@id":"https:\/\/www.chancoandco.be\/index.php\/klant\/#primaryimage"},"thumbnailUrl":"http:\/\/chancoandco.be\/wp-content\/uploads\/2018\/02\/shutterstock_251834749-300x200.jpg","datePublished":"2022-08-01T19:09:30+00:00","dateModified":"2022-09-14T18:44:21+00:00","description":"De beste Interim Managers geselecteerd op basis van onze praktische expertise. Een snelle, duurzame en zeer flexibele management oplossing.","breadcrumb":{"@id":"https:\/\/www.chancoandco.be\/index.php\/klant\/#breadcrumb"},"inLanguage":"fr-FR","potentialAction":[{"@type":"ReadAction","target":["https:\/\/www.chancoandco.be\/index.php\/klant\/"]}]},{"@type":"ImageObject","inLanguage":"fr-FR","@id":"https:\/\/www.chancoandco.be\/index.php\/klant\/#primaryimage","url":"http:\/\/chancoandco.be\/wp-content\/uploads\/2018\/02\/shutterstock_251834749-300x200.jpg","contentUrl":"http:\/\/chancoandco.be\/wp-content\/uploads\/2018\/02\/shutterstock_251834749-300x200.jpg"},{"@type":"BreadcrumbList","@id":"https:\/\/www.chancoandco.be\/index.php\/klant\/#breadcrumb","itemListElement":[{"@type":"ListItem","position":1,"name":"Accueil","item":"https:\/\/www.chancoandco.be\/index.php\/en\/home\/"},{"@type":"ListItem","position":2,"name":"Klant"}]},{"@type":"WebSite","@id":"https:\/\/www.chancoandco.be\/#website","url":"https:\/\/www.chancoandco.be\/","name":"Chanco &amp; Co - Highly flexible Interim Manager","description":"Consultancy in highly flexible Interim Management","publisher":{"@id":"https:\/\/www.chancoandco.be\/#organization"},"potentialAction":[{"@type":"SearchAction","target":{"@type":"EntryPoint","urlTemplate":"https:\/\/www.chancoandco.be\/?s={search_term_string}"},"query-input":{"@type":"PropertyValueSpecification","valueRequired":true,"valueName":"search_term_string"}}],"inLanguage":"fr-FR"},{"@type":"Organization","@id":"https:\/\/www.chancoandco.be\/#organization","name":"Chanco & Co - Highly Flexible Interim Managers","url":"https:\/\/www.chancoandco.be\/","logo":{"@type":"ImageObject","inLanguage":"fr-FR","@id":"https:\/\/www.chancoandco.be\/#\/schema\/logo\/image\/","url":"https:\/\/www.chancoandco.be\/wp-content\/uploads\/2019\/07\/logo-248-150-1.png","contentUrl":"https:\/\/www.chancoandco.be\/wp-content\/uploads\/2019\/07\/logo-248-150-1.png","width":248,"height":150,"caption":"Chanco & Co - Highly Flexible Interim Managers"},"image":{"@id":"https:\/\/www.chancoandco.be\/#\/schema\/logo\/image\/"},"sameAs":["https:\/\/x.com\/MichelJFouarge","https:\/\/www.linkedin.com\/company\/chancoandco\/about\/","https:\/\/www.linkedin.com\/in\/micheljfouarge\/"]}]}},"_links":{"self":[{"href":"https:\/\/www.chancoandco.be\/index.php\/wp-json\/wp\/v2\/pages\/896","targetHints":{"allow":["GET"]}}],"collection":[{"href":"https:\/\/www.chancoandco.be\/index.php\/wp-json\/wp\/v2\/pages"}],"about":[{"href":"https:\/\/www.chancoandco.be\/index.php\/wp-json\/wp\/v2\/types\/page"}],"author":[{"embeddable":true,"href":"https:\/\/www.chancoandco.be\/index.php\/wp-json\/wp\/v2\/users\/2"}],"replies":[{"embeddable":true,"href":"https:\/\/www.chancoandco.be\/index.php\/wp-json\/wp\/v2\/comments?post=896"}],"version-history":[{"count":7,"href":"https:\/\/www.chancoandco.be\/index.php\/wp-json\/wp\/v2\/pages\/896\/revisions"}],"predecessor-version":[{"id":1007,"href":"https:\/\/www.chancoandco.be\/index.php\/wp-json\/wp\/v2\/pages\/896\/revisions\/1007"}],"wp:attachment":[{"href":"https:\/\/www.chancoandco.be\/index.php\/wp-json\/wp\/v2\/media?parent=896"}],"curies":[{"name":"wp","href":"https:\/\/api.w.org\/{rel}","templated":true}]}}