{"id":846,"date":"2022-07-20T19:45:56","date_gmt":"2022-07-20T17:45:56","guid":{"rendered":"https:\/\/www.chancoandco.be\/?page_id=846"},"modified":"2022-09-12T17:32:38","modified_gmt":"2022-09-12T15:32:38","slug":"michel-j-fouarge-2","status":"publish","type":"page","link":"https:\/\/www.chancoandco.be\/index.php\/fr\/michel-j-fouarge-2\/","title":{"rendered":"Michel J. Fouarge"},"content":{"rendered":"\n<div class=\"wp-block-columns is-layout-flex wp-container-core-columns-is-layout-9d6595d7 wp-block-columns-is-layout-flex\">\n<div class=\"wp-block-column is-layout-flow wp-block-column-is-layout-flow\">\n<figure class=\"wp-block-gallery has-nested-images columns-default is-cropped wp-block-gallery-1 is-layout-flex wp-block-gallery-is-layout-flex\">\n<figure class=\"wp-block-image size-full\"><img loading=\"lazy\" decoding=\"async\" width=\"2560\" height=\"2560\" data-id=\"871\" src=\"https:\/\/www.chancoandco.be\/wp-content\/uploads\/2022\/07\/MichelFouargePortraitsDedolight59-carre-sourire-pepsodent-scaled.jpg\" alt=\"\" class=\"wp-image-871\" srcset=\"https:\/\/www.chancoandco.be\/wp-content\/uploads\/2022\/07\/MichelFouargePortraitsDedolight59-carre-sourire-pepsodent-scaled.jpg 2560w, https:\/\/www.chancoandco.be\/wp-content\/uploads\/2022\/07\/MichelFouargePortraitsDedolight59-carre-sourire-pepsodent-300x300.jpg 300w\" sizes=\"auto, (max-width: 2560px) 100vw, 2560px\" \/><\/figure>\n<\/figure>\n<\/div>\n\n\n\n<div class=\"wp-block-column is-layout-flow wp-block-column-is-layout-flow\">\n<p><\/p>\n\n\n\n<p>Managing Partner de Chanco &amp; Co.<\/p>\n\n\n\n<p>En ce qui me concerne, les op\u00e9rations efficaces et les r\u00e9sultats \u00e0 long terme sont mes pr\u00e9occupations majeures. Mes responsabilit\u00e9s en management sont toujours guid\u00e9es par ces principes. <\/p>\n\n\n\n<p>Au cours de mes contacts avec mes clients, Je comprends tout probl\u00e8me de leur organisation pour leur apporter des solutions rapides, tr\u00e8s flexibles, fiables et durables gr\u00e2ce au bon choix d&rsquo;Interim Managers exp\u00e9riment\u00e9s.<\/p>\n\n\n\n<p>J&rsquo;aime g\u00e9rer des entreprises dans des environnements vari\u00e9s. Cela me permet d&rsquo;avoir une compr\u00e9hension rapide et facile de n&rsquo;importe quelle organisation. J&rsquo;ai un plaisir particulier \u00e0 trouver le bon Interim Manager et \u00e0 identifier ceux qui peuvent vous apporter la bonne solution. <\/p>\n\n\n\n<p>Comment puis-je vous aider ? Appelez-moi ou \u00e9crivez-moi encore aujourd&rsquo;hui :<\/p>\n\n\n\n<p>email : <a href=\"mailto:michel.j.fouarge@chancoandco.be\">michel.j.fouarge@chancoandco.be<\/a>&nbsp; &nbsp;t\u00e9l\u00e9phone :&nbsp; <a href=\"tel:+32485083557\">+32 485 08 35 57<\/a><\/p>\n<\/div>\n<\/div>\n","protected":false},"excerpt":{"rendered":"<p>Managing Partner de Chanco &amp; Co. En ce qui me concerne, les op\u00e9rations efficaces et les r\u00e9sultats \u00e0 long terme sont mes pr\u00e9occupations majeures. Mes responsabilit\u00e9s en management sont toujours guid\u00e9es par<a class=\"moretag\" href=\"https:\/\/www.chancoandco.be\/index.php\/fr\/michel-j-fouarge-2\/\">Read More&#8230;<\/a><\/p>\n","protected":false},"author":2,"featured_media":0,"parent":0,"menu_order":0,"comment_status":"closed","ping_status":"closed","template":"","meta":{"_monsterinsights_skip_tracking":false,"_monsterinsights_sitenote_active":false,"_monsterinsights_sitenote_note":"","_monsterinsights_sitenote_category":0,"footnotes":""},"class_list":["post-846","page","type-page","status-publish","hentry"],"yoast_head":"<!-- This site is optimized with the Yoast SEO plugin v27.5 - https:\/\/yoast.com\/product\/yoast-seo-wordpress\/ -->\n<title>Michel J. Fouarge - Chanco &amp; Co - Highly flexible Interim Manager<\/title>\n<meta name=\"description\" content=\"Des Top Interim Manager s\u00e9lectionn\u00e9s sur base de notre expertise pratique. Une solution de Management rapide, durable et tr\u00e8s flexible !\" \/>\n<meta name=\"robots\" content=\"index, follow, max-snippet:-1, max-image-preview:large, max-video-preview:-1\" \/>\n<link rel=\"canonical\" href=\"https:\/\/www.chancoandco.be\/index.php\/fr\/michel-j-fouarge-2\/\" \/>\n<meta property=\"og:locale\" content=\"fr_FR\" \/>\n<meta property=\"og:type\" content=\"article\" \/>\n<meta property=\"og:title\" content=\"Michel J. Fouarge - Chanco &amp; Co - Highly flexible Interim Manager\" \/>\n<meta property=\"og:description\" content=\"Des Top Interim Manager s\u00e9lectionn\u00e9s sur base de notre expertise pratique. Une solution de Management rapide, durable et tr\u00e8s flexible !\" \/>\n<meta property=\"og:url\" content=\"https:\/\/www.chancoandco.be\/index.php\/fr\/michel-j-fouarge-2\/\" \/>\n<meta property=\"og:site_name\" content=\"Chanco &amp; Co - Highly flexible Interim Manager\" \/>\n<meta property=\"article:modified_time\" content=\"2022-09-12T15:32:38+00:00\" \/>\n<meta property=\"og:image\" content=\"https:\/\/www.chancoandco.be\/wp-content\/uploads\/2022\/07\/MichelFouargePortraitsDedolight59-carre-sourire-pepsodent-scaled.jpg\" \/>\n<meta name=\"twitter:card\" content=\"summary_large_image\" \/>\n<meta name=\"twitter:site\" content=\"@MichelJFouarge\" \/>\n<meta name=\"twitter:label1\" content=\"Dur\u00e9e de lecture estim\u00e9e\" \/>\n\t<meta name=\"twitter:data1\" content=\"1 minute\" \/>\n<script type=\"application\/ld+json\" class=\"yoast-schema-graph\">{\"@context\":\"https:\\\/\\\/schema.org\",\"@graph\":[{\"@type\":\"WebPage\",\"@id\":\"https:\\\/\\\/www.chancoandco.be\\\/index.php\\\/fr\\\/michel-j-fouarge-2\\\/\",\"url\":\"https:\\\/\\\/www.chancoandco.be\\\/index.php\\\/fr\\\/michel-j-fouarge-2\\\/\",\"name\":\"Michel J. Fouarge - Chanco &amp; Co - Highly flexible Interim Manager\",\"isPartOf\":{\"@id\":\"https:\\\/\\\/www.chancoandco.be\\\/#website\"},\"primaryImageOfPage\":{\"@id\":\"https:\\\/\\\/www.chancoandco.be\\\/index.php\\\/fr\\\/michel-j-fouarge-2\\\/#primaryimage\"},\"image\":{\"@id\":\"https:\\\/\\\/www.chancoandco.be\\\/index.php\\\/fr\\\/michel-j-fouarge-2\\\/#primaryimage\"},\"thumbnailUrl\":\"https:\\\/\\\/www.chancoandco.be\\\/wp-content\\\/uploads\\\/2022\\\/07\\\/MichelFouargePortraitsDedolight59-carre-sourire-pepsodent-scaled.jpg\",\"datePublished\":\"2022-07-20T17:45:56+00:00\",\"dateModified\":\"2022-09-12T15:32:38+00:00\",\"description\":\"Des Top Interim Manager s\u00e9lectionn\u00e9s sur base de notre expertise pratique. Une solution de Management rapide, durable et tr\u00e8s flexible !\",\"breadcrumb\":{\"@id\":\"https:\\\/\\\/www.chancoandco.be\\\/index.php\\\/fr\\\/michel-j-fouarge-2\\\/#breadcrumb\"},\"inLanguage\":\"fr-FR\",\"potentialAction\":[{\"@type\":\"ReadAction\",\"target\":[\"https:\\\/\\\/www.chancoandco.be\\\/index.php\\\/fr\\\/michel-j-fouarge-2\\\/\"]}]},{\"@type\":\"ImageObject\",\"inLanguage\":\"fr-FR\",\"@id\":\"https:\\\/\\\/www.chancoandco.be\\\/index.php\\\/fr\\\/michel-j-fouarge-2\\\/#primaryimage\",\"url\":\"https:\\\/\\\/www.chancoandco.be\\\/wp-content\\\/uploads\\\/2022\\\/07\\\/MichelFouargePortraitsDedolight59-carre-sourire-pepsodent-scaled.jpg\",\"contentUrl\":\"https:\\\/\\\/www.chancoandco.be\\\/wp-content\\\/uploads\\\/2022\\\/07\\\/MichelFouargePortraitsDedolight59-carre-sourire-pepsodent-scaled.jpg\",\"width\":2560,\"height\":2560},{\"@type\":\"BreadcrumbList\",\"@id\":\"https:\\\/\\\/www.chancoandco.be\\\/index.php\\\/fr\\\/michel-j-fouarge-2\\\/#breadcrumb\",\"itemListElement\":[{\"@type\":\"ListItem\",\"position\":1,\"name\":\"Accueil\",\"item\":\"https:\\\/\\\/www.chancoandco.be\\\/index.php\\\/en\\\/home\\\/\"},{\"@type\":\"ListItem\",\"position\":2,\"name\":\"Michel J. Fouarge\"}]},{\"@type\":\"WebSite\",\"@id\":\"https:\\\/\\\/www.chancoandco.be\\\/#website\",\"url\":\"https:\\\/\\\/www.chancoandco.be\\\/\",\"name\":\"Chanco &amp; Co - Highly flexible Interim Manager\",\"description\":\"Consultancy in highly flexible Interim Management\",\"publisher\":{\"@id\":\"https:\\\/\\\/www.chancoandco.be\\\/#organization\"},\"potentialAction\":[{\"@type\":\"SearchAction\",\"target\":{\"@type\":\"EntryPoint\",\"urlTemplate\":\"https:\\\/\\\/www.chancoandco.be\\\/?s={search_term_string}\"},\"query-input\":{\"@type\":\"PropertyValueSpecification\",\"valueRequired\":true,\"valueName\":\"search_term_string\"}}],\"inLanguage\":\"fr-FR\"},{\"@type\":\"Organization\",\"@id\":\"https:\\\/\\\/www.chancoandco.be\\\/#organization\",\"name\":\"Chanco & Co - Highly Flexible Interim Managers\",\"url\":\"https:\\\/\\\/www.chancoandco.be\\\/\",\"logo\":{\"@type\":\"ImageObject\",\"inLanguage\":\"fr-FR\",\"@id\":\"https:\\\/\\\/www.chancoandco.be\\\/#\\\/schema\\\/logo\\\/image\\\/\",\"url\":\"https:\\\/\\\/www.chancoandco.be\\\/wp-content\\\/uploads\\\/2019\\\/07\\\/logo-248-150-1.png\",\"contentUrl\":\"https:\\\/\\\/www.chancoandco.be\\\/wp-content\\\/uploads\\\/2019\\\/07\\\/logo-248-150-1.png\",\"width\":248,\"height\":150,\"caption\":\"Chanco & Co - Highly Flexible Interim Managers\"},\"image\":{\"@id\":\"https:\\\/\\\/www.chancoandco.be\\\/#\\\/schema\\\/logo\\\/image\\\/\"},\"sameAs\":[\"https:\\\/\\\/x.com\\\/MichelJFouarge\",\"https:\\\/\\\/www.linkedin.com\\\/company\\\/chancoandco\\\/about\\\/\",\"https:\\\/\\\/www.linkedin.com\\\/in\\\/micheljfouarge\\\/\"]}]}<\/script>\n<!-- \/ Yoast SEO plugin. -->","yoast_head_json":{"title":"Michel J. Fouarge - Chanco &amp; Co - Highly flexible Interim Manager","description":"Des Top Interim Manager s\u00e9lectionn\u00e9s sur base de notre expertise pratique. Une solution de Management rapide, durable et tr\u00e8s flexible !","robots":{"index":"index","follow":"follow","max-snippet":"max-snippet:-1","max-image-preview":"max-image-preview:large","max-video-preview":"max-video-preview:-1"},"canonical":"https:\/\/www.chancoandco.be\/index.php\/fr\/michel-j-fouarge-2\/","og_locale":"fr_FR","og_type":"article","og_title":"Michel J. Fouarge - Chanco &amp; Co - Highly flexible Interim Manager","og_description":"Des Top Interim Manager s\u00e9lectionn\u00e9s sur base de notre expertise pratique. Une solution de Management rapide, durable et tr\u00e8s flexible !","og_url":"https:\/\/www.chancoandco.be\/index.php\/fr\/michel-j-fouarge-2\/","og_site_name":"Chanco &amp; Co - Highly flexible Interim Manager","article_modified_time":"2022-09-12T15:32:38+00:00","og_image":[{"url":"https:\/\/www.chancoandco.be\/wp-content\/uploads\/2022\/07\/MichelFouargePortraitsDedolight59-carre-sourire-pepsodent-scaled.jpg","type":"","width":"","height":""}],"twitter_card":"summary_large_image","twitter_site":"@MichelJFouarge","twitter_misc":{"Dur\u00e9e de lecture estim\u00e9e":"1 minute"},"schema":{"@context":"https:\/\/schema.org","@graph":[{"@type":"WebPage","@id":"https:\/\/www.chancoandco.be\/index.php\/fr\/michel-j-fouarge-2\/","url":"https:\/\/www.chancoandco.be\/index.php\/fr\/michel-j-fouarge-2\/","name":"Michel J. Fouarge - Chanco &amp; Co - Highly flexible Interim Manager","isPartOf":{"@id":"https:\/\/www.chancoandco.be\/#website"},"primaryImageOfPage":{"@id":"https:\/\/www.chancoandco.be\/index.php\/fr\/michel-j-fouarge-2\/#primaryimage"},"image":{"@id":"https:\/\/www.chancoandco.be\/index.php\/fr\/michel-j-fouarge-2\/#primaryimage"},"thumbnailUrl":"https:\/\/www.chancoandco.be\/wp-content\/uploads\/2022\/07\/MichelFouargePortraitsDedolight59-carre-sourire-pepsodent-scaled.jpg","datePublished":"2022-07-20T17:45:56+00:00","dateModified":"2022-09-12T15:32:38+00:00","description":"Des Top Interim Manager s\u00e9lectionn\u00e9s sur base de notre expertise pratique. Une solution de Management rapide, durable et tr\u00e8s flexible !","breadcrumb":{"@id":"https:\/\/www.chancoandco.be\/index.php\/fr\/michel-j-fouarge-2\/#breadcrumb"},"inLanguage":"fr-FR","potentialAction":[{"@type":"ReadAction","target":["https:\/\/www.chancoandco.be\/index.php\/fr\/michel-j-fouarge-2\/"]}]},{"@type":"ImageObject","inLanguage":"fr-FR","@id":"https:\/\/www.chancoandco.be\/index.php\/fr\/michel-j-fouarge-2\/#primaryimage","url":"https:\/\/www.chancoandco.be\/wp-content\/uploads\/2022\/07\/MichelFouargePortraitsDedolight59-carre-sourire-pepsodent-scaled.jpg","contentUrl":"https:\/\/www.chancoandco.be\/wp-content\/uploads\/2022\/07\/MichelFouargePortraitsDedolight59-carre-sourire-pepsodent-scaled.jpg","width":2560,"height":2560},{"@type":"BreadcrumbList","@id":"https:\/\/www.chancoandco.be\/index.php\/fr\/michel-j-fouarge-2\/#breadcrumb","itemListElement":[{"@type":"ListItem","position":1,"name":"Accueil","item":"https:\/\/www.chancoandco.be\/index.php\/en\/home\/"},{"@type":"ListItem","position":2,"name":"Michel J. Fouarge"}]},{"@type":"WebSite","@id":"https:\/\/www.chancoandco.be\/#website","url":"https:\/\/www.chancoandco.be\/","name":"Chanco &amp; Co - Highly flexible Interim Manager","description":"Consultancy in highly flexible Interim Management","publisher":{"@id":"https:\/\/www.chancoandco.be\/#organization"},"potentialAction":[{"@type":"SearchAction","target":{"@type":"EntryPoint","urlTemplate":"https:\/\/www.chancoandco.be\/?s={search_term_string}"},"query-input":{"@type":"PropertyValueSpecification","valueRequired":true,"valueName":"search_term_string"}}],"inLanguage":"fr-FR"},{"@type":"Organization","@id":"https:\/\/www.chancoandco.be\/#organization","name":"Chanco & Co - Highly Flexible Interim Managers","url":"https:\/\/www.chancoandco.be\/","logo":{"@type":"ImageObject","inLanguage":"fr-FR","@id":"https:\/\/www.chancoandco.be\/#\/schema\/logo\/image\/","url":"https:\/\/www.chancoandco.be\/wp-content\/uploads\/2019\/07\/logo-248-150-1.png","contentUrl":"https:\/\/www.chancoandco.be\/wp-content\/uploads\/2019\/07\/logo-248-150-1.png","width":248,"height":150,"caption":"Chanco & Co - Highly Flexible Interim Managers"},"image":{"@id":"https:\/\/www.chancoandco.be\/#\/schema\/logo\/image\/"},"sameAs":["https:\/\/x.com\/MichelJFouarge","https:\/\/www.linkedin.com\/company\/chancoandco\/about\/","https:\/\/www.linkedin.com\/in\/micheljfouarge\/"]}]}},"_links":{"self":[{"href":"https:\/\/www.chancoandco.be\/index.php\/wp-json\/wp\/v2\/pages\/846","targetHints":{"allow":["GET"]}}],"collection":[{"href":"https:\/\/www.chancoandco.be\/index.php\/wp-json\/wp\/v2\/pages"}],"about":[{"href":"https:\/\/www.chancoandco.be\/index.php\/wp-json\/wp\/v2\/types\/page"}],"author":[{"embeddable":true,"href":"https:\/\/www.chancoandco.be\/index.php\/wp-json\/wp\/v2\/users\/2"}],"replies":[{"embeddable":true,"href":"https:\/\/www.chancoandco.be\/index.php\/wp-json\/wp\/v2\/comments?post=846"}],"version-history":[{"count":5,"href":"https:\/\/www.chancoandco.be\/index.php\/wp-json\/wp\/v2\/pages\/846\/revisions"}],"predecessor-version":[{"id":876,"href":"https:\/\/www.chancoandco.be\/index.php\/wp-json\/wp\/v2\/pages\/846\/revisions\/876"}],"wp:attachment":[{"href":"https:\/\/www.chancoandco.be\/index.php\/wp-json\/wp\/v2\/media?parent=846"}],"curies":[{"name":"wp","href":"https:\/\/api.w.org\/{rel}","templated":true}]}}