{"id":821,"date":"2022-07-20T18:59:22","date_gmt":"2022-07-20T16:59:22","guid":{"rendered":"https:\/\/www.chancoandco.be\/?page_id=821"},"modified":"2022-09-12T17:14:51","modified_gmt":"2022-09-12T15:14:51","slug":"interim-manager-2","status":"publish","type":"page","link":"https:\/\/www.chancoandco.be\/index.php\/fr\/interim-manager-2\/","title":{"rendered":"Interim Manager"},"content":{"rendered":"\n<p class=\"has-text-align-center\"><strong><a class=\"maxbutton-4 maxbutton maxbutton-candidature-interim-manager\" href=\"\/index.php\/fr\/candidature-interim-manager\/\"><span class='mb-text'>Candidature Interim Manager<\/span><\/a><\/strong> <strong><a class=\"maxbutton-6 maxbutton maxbutton-ma-disponibilite\" href=\"\/index.php\/fr\/ma-disponibilite\/\"><span class='mb-text'>Ma disponibilit\u00e9<\/span><\/a><\/strong><\/p>\n\n\n\n<p>Vous avez d\u00e9cid\u00e9 de travailler comme Interim Manager.<\/p>\n\n\n\n<p>Chanco &amp; Co est heureux de vous apporter les contacts n\u00e9cessaires et de vous accompagner dans vos missions. Notre approche transparente vous permet d\u2019avoir une relation directe et libre avec le client. Nous travaillons directement et exclusivement avec nos clients afin d\u2019assurer des contacts et une s\u00e9lection efficaces.<\/p>\n\n\n\n<p>Les exp\u00e9riences principales pour \u00eatre Interim Manager sont les suivantes :<\/p>\n\n\n\n<ul class=\"wp-block-list\"><li>au moins trois organisations diff\u00e9rentes pour \u00eatre capable de comprendre ce qui est \u201cexportable\u201d et pas<\/li><li>au moins 10 ans dans une fonction de Management<\/li><li>une grande flexibilit\u00e9<\/li><li>\u00eatre ind\u00e9pendant<\/li><\/ul>\n\n\n<div class=\"wp-block-image\">\n<figure class=\"alignleft size-large is-resized\"><img loading=\"lazy\" decoding=\"async\" src=\"http:\/\/chancoandco.be\/wp-content\/uploads\/2018\/03\/shutterstock_209963902-300x200.jpg\" alt=\"\" class=\"wp-image-318\" width=\"329\" height=\"219\" srcset=\"https:\/\/www.chancoandco.be\/wp-content\/uploads\/2018\/03\/shutterstock_209963902-300x200.jpg 300w, https:\/\/www.chancoandco.be\/wp-content\/uploads\/2018\/03\/shutterstock_209963902-768x512.jpg 768w, https:\/\/www.chancoandco.be\/wp-content\/uploads\/2018\/03\/shutterstock_209963902-1024x683.jpg 1024w, https:\/\/www.chancoandco.be\/wp-content\/uploads\/2018\/03\/shutterstock_209963902-800x533.jpg 800w\" sizes=\"auto, (max-width: 329px) 100vw, 329px\" \/><\/figure><\/div>\n\n\n<p>Les clients de Chanco and Co recherchent des managers capables de r\u00e9gler leurs probl\u00e8mes dans diff\u00e9rents types de situations :<\/p>\n\n\n\n<ul class=\"wp-block-list\"><li>Des projets o\u00f9 un savoir-faire et\/ou du temps libre sont requis<\/li><li>Des Transitions dans des circonstances difficiles ou pas<\/li><li>Des crises d\u2019une organisation ou d\u2019un d\u00e9partement<\/li><\/ul>\n\n\n\n<p>Vous \u00eates int\u00e9ress\u00e9(e) ?&nbsp;<a href=\"http:\/\/chancoandco.be\/index.php\/apply-as-interim-manager\/\">Posez ici votre candidature comme Interim Manager<\/a>. Si vous \u00eates d\u00e9j\u00e0 inscrit(e), faites-nous part de <a href=\"https:\/\/www.chancoandco.be\/index.php\/fr\/ma-disponibilite\/\">votre nouvelle disponibilit\u00e9 ici.<\/a><\/p>\n\n\n\n<p class=\"has-text-align-center\"><strong><a class=\"maxbutton-4 maxbutton maxbutton-candidature-interim-manager\" href=\"\/index.php\/fr\/candidature-interim-manager\/\"><span class='mb-text'>Candidature Interim Manager<\/span><\/a><\/strong> <strong><a class=\"maxbutton-6 maxbutton maxbutton-ma-disponibilite\" href=\"\/index.php\/fr\/ma-disponibilite\/\"><span class='mb-text'>Ma disponibilit\u00e9<\/span><\/a><\/strong><\/p>\n","protected":false},"excerpt":{"rendered":"<p>Vous avez d\u00e9cid\u00e9 de travailler comme Interim Manager. Chanco &amp; Co est heureux de vous apporter les contacts n\u00e9cessaires et de vous accompagner dans vos missions. Notre approche transparente vous permet d\u2019avoir<a class=\"moretag\" href=\"https:\/\/www.chancoandco.be\/index.php\/fr\/interim-manager-2\/\">Read More&#8230;<\/a><\/p>\n","protected":false},"author":2,"featured_media":0,"parent":0,"menu_order":0,"comment_status":"closed","ping_status":"closed","template":"","meta":{"_monsterinsights_skip_tracking":false,"_monsterinsights_sitenote_active":false,"_monsterinsights_sitenote_note":"","_monsterinsights_sitenote_category":0,"footnotes":""},"class_list":["post-821","page","type-page","status-publish","hentry"],"yoast_head":"<!-- This site is optimized with the Yoast SEO plugin v27.5 - https:\/\/yoast.com\/product\/yoast-seo-wordpress\/ -->\n<title>Interim Manager - Chanco &amp; Co - Highly flexible Interim Manager<\/title>\n<meta name=\"description\" content=\"Des Top Interim Manager s\u00e9lectionn\u00e9s sur base de notre expertise pratique. Une solution de Management rapide, durable et tr\u00e8s flexible !\" \/>\n<meta name=\"robots\" content=\"index, follow, max-snippet:-1, max-image-preview:large, max-video-preview:-1\" \/>\n<link rel=\"canonical\" href=\"https:\/\/www.chancoandco.be\/index.php\/fr\/interim-manager-2\/\" \/>\n<meta property=\"og:locale\" content=\"fr_FR\" \/>\n<meta property=\"og:type\" content=\"article\" \/>\n<meta property=\"og:title\" content=\"Interim Manager - Chanco &amp; Co - Highly flexible Interim Manager\" \/>\n<meta property=\"og:description\" content=\"Des Top Interim Manager s\u00e9lectionn\u00e9s sur base de notre expertise pratique. Une solution de Management rapide, durable et tr\u00e8s flexible !\" \/>\n<meta property=\"og:url\" content=\"https:\/\/www.chancoandco.be\/index.php\/fr\/interim-manager-2\/\" \/>\n<meta property=\"og:site_name\" content=\"Chanco &amp; Co - Highly flexible Interim Manager\" \/>\n<meta property=\"article:modified_time\" content=\"2022-09-12T15:14:51+00:00\" \/>\n<meta property=\"og:image\" content=\"http:\/\/chancoandco.be\/wp-content\/uploads\/2018\/03\/shutterstock_209963902-300x200.jpg\" \/>\n<meta name=\"twitter:card\" content=\"summary_large_image\" \/>\n<meta name=\"twitter:site\" content=\"@MichelJFouarge\" \/>\n<meta name=\"twitter:label1\" content=\"Dur\u00e9e de lecture estim\u00e9e\" \/>\n\t<meta name=\"twitter:data1\" content=\"2 minutes\" \/>\n<script type=\"application\/ld+json\" class=\"yoast-schema-graph\">{\"@context\":\"https:\\\/\\\/schema.org\",\"@graph\":[{\"@type\":\"WebPage\",\"@id\":\"https:\\\/\\\/www.chancoandco.be\\\/index.php\\\/fr\\\/interim-manager-2\\\/\",\"url\":\"https:\\\/\\\/www.chancoandco.be\\\/index.php\\\/fr\\\/interim-manager-2\\\/\",\"name\":\"Interim Manager - Chanco &amp; Co - Highly flexible Interim Manager\",\"isPartOf\":{\"@id\":\"https:\\\/\\\/www.chancoandco.be\\\/#website\"},\"primaryImageOfPage\":{\"@id\":\"https:\\\/\\\/www.chancoandco.be\\\/index.php\\\/fr\\\/interim-manager-2\\\/#primaryimage\"},\"image\":{\"@id\":\"https:\\\/\\\/www.chancoandco.be\\\/index.php\\\/fr\\\/interim-manager-2\\\/#primaryimage\"},\"thumbnailUrl\":\"http:\\\/\\\/chancoandco.be\\\/wp-content\\\/uploads\\\/2018\\\/03\\\/shutterstock_209963902-300x200.jpg\",\"datePublished\":\"2022-07-20T16:59:22+00:00\",\"dateModified\":\"2022-09-12T15:14:51+00:00\",\"description\":\"Des Top Interim Manager s\u00e9lectionn\u00e9s sur base de notre expertise pratique. Une solution de Management rapide, durable et tr\u00e8s flexible !\",\"breadcrumb\":{\"@id\":\"https:\\\/\\\/www.chancoandco.be\\\/index.php\\\/fr\\\/interim-manager-2\\\/#breadcrumb\"},\"inLanguage\":\"fr-FR\",\"potentialAction\":[{\"@type\":\"ReadAction\",\"target\":[\"https:\\\/\\\/www.chancoandco.be\\\/index.php\\\/fr\\\/interim-manager-2\\\/\"]}]},{\"@type\":\"ImageObject\",\"inLanguage\":\"fr-FR\",\"@id\":\"https:\\\/\\\/www.chancoandco.be\\\/index.php\\\/fr\\\/interim-manager-2\\\/#primaryimage\",\"url\":\"http:\\\/\\\/chancoandco.be\\\/wp-content\\\/uploads\\\/2018\\\/03\\\/shutterstock_209963902-300x200.jpg\",\"contentUrl\":\"http:\\\/\\\/chancoandco.be\\\/wp-content\\\/uploads\\\/2018\\\/03\\\/shutterstock_209963902-300x200.jpg\"},{\"@type\":\"BreadcrumbList\",\"@id\":\"https:\\\/\\\/www.chancoandco.be\\\/index.php\\\/fr\\\/interim-manager-2\\\/#breadcrumb\",\"itemListElement\":[{\"@type\":\"ListItem\",\"position\":1,\"name\":\"Accueil\",\"item\":\"https:\\\/\\\/www.chancoandco.be\\\/index.php\\\/en\\\/home\\\/\"},{\"@type\":\"ListItem\",\"position\":2,\"name\":\"Interim Manager\"}]},{\"@type\":\"WebSite\",\"@id\":\"https:\\\/\\\/www.chancoandco.be\\\/#website\",\"url\":\"https:\\\/\\\/www.chancoandco.be\\\/\",\"name\":\"Chanco &amp; Co - Highly flexible Interim Manager\",\"description\":\"Consultancy in highly flexible Interim Management\",\"publisher\":{\"@id\":\"https:\\\/\\\/www.chancoandco.be\\\/#organization\"},\"potentialAction\":[{\"@type\":\"SearchAction\",\"target\":{\"@type\":\"EntryPoint\",\"urlTemplate\":\"https:\\\/\\\/www.chancoandco.be\\\/?s={search_term_string}\"},\"query-input\":{\"@type\":\"PropertyValueSpecification\",\"valueRequired\":true,\"valueName\":\"search_term_string\"}}],\"inLanguage\":\"fr-FR\"},{\"@type\":\"Organization\",\"@id\":\"https:\\\/\\\/www.chancoandco.be\\\/#organization\",\"name\":\"Chanco & Co - Highly Flexible Interim Managers\",\"url\":\"https:\\\/\\\/www.chancoandco.be\\\/\",\"logo\":{\"@type\":\"ImageObject\",\"inLanguage\":\"fr-FR\",\"@id\":\"https:\\\/\\\/www.chancoandco.be\\\/#\\\/schema\\\/logo\\\/image\\\/\",\"url\":\"https:\\\/\\\/www.chancoandco.be\\\/wp-content\\\/uploads\\\/2019\\\/07\\\/logo-248-150-1.png\",\"contentUrl\":\"https:\\\/\\\/www.chancoandco.be\\\/wp-content\\\/uploads\\\/2019\\\/07\\\/logo-248-150-1.png\",\"width\":248,\"height\":150,\"caption\":\"Chanco & Co - Highly Flexible Interim Managers\"},\"image\":{\"@id\":\"https:\\\/\\\/www.chancoandco.be\\\/#\\\/schema\\\/logo\\\/image\\\/\"},\"sameAs\":[\"https:\\\/\\\/x.com\\\/MichelJFouarge\",\"https:\\\/\\\/www.linkedin.com\\\/company\\\/chancoandco\\\/about\\\/\",\"https:\\\/\\\/www.linkedin.com\\\/in\\\/micheljfouarge\\\/\"]}]}<\/script>\n<!-- \/ Yoast SEO plugin. -->","yoast_head_json":{"title":"Interim Manager - Chanco &amp; Co - Highly flexible Interim Manager","description":"Des Top Interim Manager s\u00e9lectionn\u00e9s sur base de notre expertise pratique. Une solution de Management rapide, durable et tr\u00e8s flexible !","robots":{"index":"index","follow":"follow","max-snippet":"max-snippet:-1","max-image-preview":"max-image-preview:large","max-video-preview":"max-video-preview:-1"},"canonical":"https:\/\/www.chancoandco.be\/index.php\/fr\/interim-manager-2\/","og_locale":"fr_FR","og_type":"article","og_title":"Interim Manager - Chanco &amp; Co - Highly flexible Interim Manager","og_description":"Des Top Interim Manager s\u00e9lectionn\u00e9s sur base de notre expertise pratique. Une solution de Management rapide, durable et tr\u00e8s flexible !","og_url":"https:\/\/www.chancoandco.be\/index.php\/fr\/interim-manager-2\/","og_site_name":"Chanco &amp; Co - Highly flexible Interim Manager","article_modified_time":"2022-09-12T15:14:51+00:00","og_image":[{"url":"http:\/\/chancoandco.be\/wp-content\/uploads\/2018\/03\/shutterstock_209963902-300x200.jpg","type":"","width":"","height":""}],"twitter_card":"summary_large_image","twitter_site":"@MichelJFouarge","twitter_misc":{"Dur\u00e9e de lecture estim\u00e9e":"2 minutes"},"schema":{"@context":"https:\/\/schema.org","@graph":[{"@type":"WebPage","@id":"https:\/\/www.chancoandco.be\/index.php\/fr\/interim-manager-2\/","url":"https:\/\/www.chancoandco.be\/index.php\/fr\/interim-manager-2\/","name":"Interim Manager - Chanco &amp; Co - Highly flexible Interim Manager","isPartOf":{"@id":"https:\/\/www.chancoandco.be\/#website"},"primaryImageOfPage":{"@id":"https:\/\/www.chancoandco.be\/index.php\/fr\/interim-manager-2\/#primaryimage"},"image":{"@id":"https:\/\/www.chancoandco.be\/index.php\/fr\/interim-manager-2\/#primaryimage"},"thumbnailUrl":"http:\/\/chancoandco.be\/wp-content\/uploads\/2018\/03\/shutterstock_209963902-300x200.jpg","datePublished":"2022-07-20T16:59:22+00:00","dateModified":"2022-09-12T15:14:51+00:00","description":"Des Top Interim Manager s\u00e9lectionn\u00e9s sur base de notre expertise pratique. Une solution de Management rapide, durable et tr\u00e8s flexible !","breadcrumb":{"@id":"https:\/\/www.chancoandco.be\/index.php\/fr\/interim-manager-2\/#breadcrumb"},"inLanguage":"fr-FR","potentialAction":[{"@type":"ReadAction","target":["https:\/\/www.chancoandco.be\/index.php\/fr\/interim-manager-2\/"]}]},{"@type":"ImageObject","inLanguage":"fr-FR","@id":"https:\/\/www.chancoandco.be\/index.php\/fr\/interim-manager-2\/#primaryimage","url":"http:\/\/chancoandco.be\/wp-content\/uploads\/2018\/03\/shutterstock_209963902-300x200.jpg","contentUrl":"http:\/\/chancoandco.be\/wp-content\/uploads\/2018\/03\/shutterstock_209963902-300x200.jpg"},{"@type":"BreadcrumbList","@id":"https:\/\/www.chancoandco.be\/index.php\/fr\/interim-manager-2\/#breadcrumb","itemListElement":[{"@type":"ListItem","position":1,"name":"Accueil","item":"https:\/\/www.chancoandco.be\/index.php\/en\/home\/"},{"@type":"ListItem","position":2,"name":"Interim Manager"}]},{"@type":"WebSite","@id":"https:\/\/www.chancoandco.be\/#website","url":"https:\/\/www.chancoandco.be\/","name":"Chanco &amp; Co - Highly flexible Interim Manager","description":"Consultancy in highly flexible Interim Management","publisher":{"@id":"https:\/\/www.chancoandco.be\/#organization"},"potentialAction":[{"@type":"SearchAction","target":{"@type":"EntryPoint","urlTemplate":"https:\/\/www.chancoandco.be\/?s={search_term_string}"},"query-input":{"@type":"PropertyValueSpecification","valueRequired":true,"valueName":"search_term_string"}}],"inLanguage":"fr-FR"},{"@type":"Organization","@id":"https:\/\/www.chancoandco.be\/#organization","name":"Chanco & Co - Highly Flexible Interim Managers","url":"https:\/\/www.chancoandco.be\/","logo":{"@type":"ImageObject","inLanguage":"fr-FR","@id":"https:\/\/www.chancoandco.be\/#\/schema\/logo\/image\/","url":"https:\/\/www.chancoandco.be\/wp-content\/uploads\/2019\/07\/logo-248-150-1.png","contentUrl":"https:\/\/www.chancoandco.be\/wp-content\/uploads\/2019\/07\/logo-248-150-1.png","width":248,"height":150,"caption":"Chanco & Co - Highly Flexible Interim Managers"},"image":{"@id":"https:\/\/www.chancoandco.be\/#\/schema\/logo\/image\/"},"sameAs":["https:\/\/x.com\/MichelJFouarge","https:\/\/www.linkedin.com\/company\/chancoandco\/about\/","https:\/\/www.linkedin.com\/in\/micheljfouarge\/"]}]}},"_links":{"self":[{"href":"https:\/\/www.chancoandco.be\/index.php\/wp-json\/wp\/v2\/pages\/821","targetHints":{"allow":["GET"]}}],"collection":[{"href":"https:\/\/www.chancoandco.be\/index.php\/wp-json\/wp\/v2\/pages"}],"about":[{"href":"https:\/\/www.chancoandco.be\/index.php\/wp-json\/wp\/v2\/types\/page"}],"author":[{"embeddable":true,"href":"https:\/\/www.chancoandco.be\/index.php\/wp-json\/wp\/v2\/users\/2"}],"replies":[{"embeddable":true,"href":"https:\/\/www.chancoandco.be\/index.php\/wp-json\/wp\/v2\/comments?post=821"}],"version-history":[{"count":8,"href":"https:\/\/www.chancoandco.be\/index.php\/wp-json\/wp\/v2\/pages\/821\/revisions"}],"predecessor-version":[{"id":974,"href":"https:\/\/www.chancoandco.be\/index.php\/wp-json\/wp\/v2\/pages\/821\/revisions\/974"}],"wp:attachment":[{"href":"https:\/\/www.chancoandco.be\/index.php\/wp-json\/wp\/v2\/media?parent=821"}],"curies":[{"name":"wp","href":"https:\/\/api.w.org\/{rel}","templated":true}]}}