{"id":805,"date":"2022-07-18T20:57:49","date_gmt":"2022-07-18T18:57:49","guid":{"rendered":"https:\/\/www.chancoandco.be\/?page_id=805"},"modified":"2024-12-18T23:52:45","modified_gmt":"2024-12-18T22:52:45","slug":"accueil-chanco-co-interim-manager","status":"publish","type":"page","link":"https:\/\/www.chancoandco.be\/index.php\/fr\/accueil-chanco-co-interim-manager\/","title":{"rendered":"Accueil"},"content":{"rendered":"\n<p class=\"has-black-color has-text-color\">\n\n\n\n<p><\/p>\n\n\n\n<div class=\"wp-block-columns is-layout-flex wp-container-core-columns-is-layout-9d6595d7 wp-block-columns-is-layout-flex\">\n<div class=\"wp-block-column is-layout-flow wp-block-column-is-layout-flow\"><div class=\"wp-block-image\">\n<figure class=\"aligncenter size-full is-resized\"><img loading=\"lazy\" decoding=\"async\" width=\"512\" height=\"512\" src=\"https:\/\/www.chancoandco.be\/wp-content\/uploads\/2022\/09\/001-flexibility-1.png\" alt=\"\" class=\"wp-image-990\" style=\"width:67px;height:67px\" srcset=\"https:\/\/www.chancoandco.be\/wp-content\/uploads\/2022\/09\/001-flexibility-1.png 512w, https:\/\/www.chancoandco.be\/wp-content\/uploads\/2022\/09\/001-flexibility-1-300x300.png 300w, https:\/\/www.chancoandco.be\/wp-content\/uploads\/2022\/09\/001-flexibility-1-150x150.png 150w\" sizes=\"auto, (max-width: 512px) 100vw, 512px\" \/><\/figure><\/div>\n\n\n<h2 class=\"wp-block-heading has-text-align-center\">Flexibilit\u00e9<\/h2>\n\n\n\n<p>Plus que jamais vous avez besoin de flexibilit\u00e9. Nos syst\u00e8mes, contrats , process et Interim Manager vous permettent d&rsquo;obtenir cette <a href=\"https:\/\/www.chancoandco.be\/index.php\/fr\/client-2\/\">flexibilit\u00e9<\/a> au meilleur prix. Vous serez libre de contracter de la mani\u00e8re que vous souhaitez avec eux ! <\/p>\n<\/div>\n\n\n\n<div class=\"wp-block-column is-layout-flow wp-block-column-is-layout-flow\"><div class=\"wp-block-image\">\n<figure class=\"aligncenter size-full is-resized\"><img loading=\"lazy\" decoding=\"async\" width=\"512\" height=\"512\" src=\"https:\/\/www.chancoandco.be\/wp-content\/uploads\/2022\/09\/002-airplane.png\" alt=\"\" class=\"wp-image-991\" style=\"width:67px;height:67px\" srcset=\"https:\/\/www.chancoandco.be\/wp-content\/uploads\/2022\/09\/002-airplane.png 512w, https:\/\/www.chancoandco.be\/wp-content\/uploads\/2022\/09\/002-airplane-300x300.png 300w, https:\/\/www.chancoandco.be\/wp-content\/uploads\/2022\/09\/002-airplane-150x150.png 150w\" sizes=\"auto, (max-width: 512px) 100vw, 512px\" \/><\/figure><\/div>\n\n\n<h2 class=\"wp-block-heading has-text-align-center\">Vitesse<\/h2>\n\n\n\n<p>Plus que jamais vous avez besoin d&rsquo;avoir le meilleur Interim Manager dans les meilleurs d\u00e9lais. Nos expertise, disponibilit\u00e9, syst\u00e8mes et pr\u00e9cision vous permettront de vous donner une r\u00e9ponse <a href=\"https:\/\/www.chancoandco.be\/index.php\/fr\/client-2\/\">tr\u00e8s rapide et tr\u00e8s efficace<\/a> \u00e0 vos besoins imm\u00e9diats.<\/p>\n<\/div>\n\n\n\n<div class=\"wp-block-column is-layout-flow wp-block-column-is-layout-flow\"><div class=\"wp-block-image\">\n<figure class=\"aligncenter size-full is-resized\"><img loading=\"lazy\" decoding=\"async\" width=\"512\" height=\"512\" src=\"https:\/\/www.chancoandco.be\/wp-content\/uploads\/2022\/09\/003-quality.png\" alt=\"\" class=\"wp-image-992\" style=\"width:67px;height:67px\" srcset=\"https:\/\/www.chancoandco.be\/wp-content\/uploads\/2022\/09\/003-quality.png 512w, https:\/\/www.chancoandco.be\/wp-content\/uploads\/2022\/09\/003-quality-300x300.png 300w, https:\/\/www.chancoandco.be\/wp-content\/uploads\/2022\/09\/003-quality-150x150.png 150w\" sizes=\"auto, (max-width: 512px) 100vw, 512px\" \/><\/figure><\/div>\n\n\n<h2 class=\"wp-block-heading has-text-align-center\">Top niveau<\/h2>\n\n\n\n<p>Plus que jamais, vous avez besoin d&rsquo;Interim Managers <a href=\"https:\/\/www.chancoandco.be\/index.php\/fr\/interim-manager-2\/\">tr\u00e8s exp\u00e9riment\u00e9s et capables<\/a> pour r\u00e9gler efficacement les questions que vous pourriez avoir. Faites confiance \u00e0 notre large exp\u00e9rience et sp\u00e9cialisation bas\u00e9e sur le management de diff\u00e9rentes organisations. <\/p>\n<\/div>\n<\/div>\n\n\n\n<h3 class=\"wp-block-heading has-black-color has-text-color\"><strong>U<\/strong>n <strong>Interim Manager<\/strong> flexible et efficace, pourquoi ? <\/h3>\n\n\n\n<p>Bien souvent on pense qu&rsquo;un Interim Manager est une personne qui va solutionner un crise dans une entreprise. Dans la pratique on constate qu&rsquo;en fait il y a diff\u00e9rentes situations dans lesquelles on pense \u00eatre en crise et o\u00f9 on ne l&rsquo;est pas. On aura cependant besoin de cet Interim Manager !  <\/p>\n\n\n\n<p>Pourquoi ? Quand une soci\u00e9t\u00e9 fonctionne correctement, on a une structure avec des gens comp\u00e9tents en place et on pense facilement que ces personnes seront capables de tout r\u00e9gler. Mais les march\u00e9s changent, l&rsquo;environnement change de plus en plus vite. Il devient presque impossible de pr\u00e9voir ces changements. On a donc une structure et une organisation qui \u00ab\u00a0tient la route\u00a0\u00bb. Et elle calcul\u00e9e au plus juste pour obtenir le meilleur rendement. <\/p>\n\n\n\n<p>Quand un \u00e9v\u00e9nement impr\u00e9vu survient, il faut s&rsquo;adapter. Mais la structure classique n&rsquo;a pas pr\u00e9vu ce changement puisqu&rsquo;il est impr\u00e9visible par nature. Ceci n&rsquo;est pas une crise ! C&rsquo;est simplement un \u00e9v\u00e9nement impr\u00e9visible. Ce qui se passe alors est qu&rsquo;on essaie de le solutionner avec les moyens, temps et connaissance \u00e0 disposition. Parfois cela r\u00e9ussit, parfois pas. <\/p>\n\n\n\n<p>Et donc \u00e0 ce moment-l\u00e0, quand cela ne r\u00e9ussit pas, on fait appel \u00e0 une exp\u00e9rience externe. Elle apportera la solution parce qu&rsquo;elle a d\u00e9j\u00e0 \u00e9t\u00e9 plusieurs fois mise en situation et a apport\u00e9 cette solution. Ce n&rsquo;est donc pas une crise puisqu&rsquo;on sait qu&rsquo;on tient une solution. Par contre, il y a urgence parce que beaucoup de temps s&rsquo;est \u00e9coul\u00e9 et qu&rsquo;il faut apporter cette solution que tout le monde attend. <\/p>\n\n\n\n<p>Une crise sera par contre caract\u00e9ris\u00e9e par le fait que le management en place n&rsquo;est pas capable de solutionner un probl\u00e8me. Ce probl\u00e8me met en danger la soci\u00e9t\u00e9. Il faut alors urgemment trouver une manager de crise. Il prendra des mesures drastiques de rem\u00e9diation afin d&rsquo;\u00e9viter un effondrement de l&rsquo;entreprise ou du d\u00e9partement.<\/p>\n\n\n\n<p>Dans les deux cas, nous serons l\u00e0 \u00e0 votre disposition pour vous aider rapidement mais efficacement \u00e0 trouver l&rsquo;Interim Manager qu&rsquo;il vous faut. Appelez-vous au&nbsp;<a href=\"tel: +32485083557\">+32 485 08 35 57<\/a>&nbsp;ou contactez-nous par email :&nbsp;<a href=\"mailto:michel.j.fouarge@chancoandco.be\">michel.j.fouarge@chancoandco.be<\/a> &#8211; <a href=\"http:\/\/www-chancoandco.be\/client\/\">http:\/\/www-chancoandco.be\/client\/<\/a><\/p>\n\n\n\n<p><a href=\"https:\/\/www.linkedin.com\/company\/chancoandco\/?viewAsMember=true\">Cliquez ici pour trouver notre page sur LinkedIn<\/a><\/p>\n\n\n\n<p><a href=\"https:\/\/www.chancoandco.be\/wp-content\/uploads\/2024\/12\/privacypolicy-Chanco-Co.pdf\">Privacy Policy<\/a><\/p>\n\n\n\n<h2 class=\"wp-block-heading has-white-color has-text-color\">Interim Manager<\/h2>\n\n\n\n<p><\/p>\n","protected":false},"excerpt":{"rendered":"<p>Flexibilit\u00e9 Plus que jamais vous avez besoin de flexibilit\u00e9. Nos syst\u00e8mes, contrats , process et Interim Manager vous permettent d&rsquo;obtenir cette flexibilit\u00e9 au meilleur prix. Vous serez libre de contracter de la<a class=\"moretag\" href=\"https:\/\/www.chancoandco.be\/index.php\/fr\/accueil-chanco-co-interim-manager\/\">Read More&#8230;<\/a><\/p>\n","protected":false},"author":2,"featured_media":0,"parent":0,"menu_order":0,"comment_status":"closed","ping_status":"closed","template":"","meta":{"_monsterinsights_skip_tracking":false,"_monsterinsights_sitenote_active":false,"_monsterinsights_sitenote_note":"","_monsterinsights_sitenote_category":0,"footnotes":""},"class_list":["post-805","page","type-page","status-publish","hentry"],"yoast_head":"<!-- This site is optimized with the Yoast SEO plugin v27.5 - https:\/\/yoast.com\/product\/yoast-seo-wordpress\/ -->\n<title>Interim Manager - Chanco &amp; Co - Highly flexible Interim Manager<\/title>\n<meta name=\"description\" content=\"Des Interim Manager s\u00e9lectionn\u00e9s sur base de notre expertise pratique. Une solution de Management rapide, durable et tr\u00e8s flexible !\" \/>\n<meta name=\"robots\" content=\"index, follow, max-snippet:-1, max-image-preview:large, max-video-preview:-1\" \/>\n<link rel=\"canonical\" href=\"https:\/\/www.chancoandco.be\/index.php\/fr\/accueil-chanco-co-interim-manager\/\" \/>\n<meta property=\"og:locale\" content=\"fr_FR\" \/>\n<meta property=\"og:type\" content=\"article\" \/>\n<meta property=\"og:title\" content=\"Interim Manager - Chanco &amp; Co - Highly flexible Interim Manager\" \/>\n<meta property=\"og:description\" content=\"Des Interim Manager s\u00e9lectionn\u00e9s sur base de notre expertise pratique. Une solution de Management rapide, durable et tr\u00e8s flexible !\" \/>\n<meta property=\"og:url\" content=\"https:\/\/www.chancoandco.be\/index.php\/fr\/accueil-chanco-co-interim-manager\/\" \/>\n<meta property=\"og:site_name\" content=\"Chanco &amp; Co - Highly flexible Interim Manager\" \/>\n<meta property=\"article:modified_time\" content=\"2024-12-18T22:52:45+00:00\" \/>\n<meta property=\"og:image\" content=\"https:\/\/www.chancoandco.be\/wp-content\/uploads\/2022\/09\/001-flexibility-1.png\" \/>\n\t<meta property=\"og:image:width\" content=\"512\" \/>\n\t<meta property=\"og:image:height\" content=\"512\" \/>\n\t<meta property=\"og:image:type\" content=\"image\/png\" \/>\n<meta name=\"twitter:card\" content=\"summary_large_image\" \/>\n<meta name=\"twitter:site\" content=\"@MichelJFouarge\" \/>\n<meta name=\"twitter:label1\" content=\"Dur\u00e9e de lecture estim\u00e9e\" \/>\n\t<meta name=\"twitter:data1\" content=\"4 minutes\" \/>\n<script type=\"application\/ld+json\" class=\"yoast-schema-graph\">{\"@context\":\"https:\\\/\\\/schema.org\",\"@graph\":[{\"@type\":\"WebPage\",\"@id\":\"https:\\\/\\\/www.chancoandco.be\\\/index.php\\\/fr\\\/accueil-chanco-co-interim-manager\\\/\",\"url\":\"https:\\\/\\\/www.chancoandco.be\\\/index.php\\\/fr\\\/accueil-chanco-co-interim-manager\\\/\",\"name\":\"Interim Manager - Chanco &amp; Co - Highly flexible Interim Manager\",\"isPartOf\":{\"@id\":\"https:\\\/\\\/www.chancoandco.be\\\/#website\"},\"primaryImageOfPage\":{\"@id\":\"https:\\\/\\\/www.chancoandco.be\\\/index.php\\\/fr\\\/accueil-chanco-co-interim-manager\\\/#primaryimage\"},\"image\":{\"@id\":\"https:\\\/\\\/www.chancoandco.be\\\/index.php\\\/fr\\\/accueil-chanco-co-interim-manager\\\/#primaryimage\"},\"thumbnailUrl\":\"https:\\\/\\\/www.chancoandco.be\\\/wp-content\\\/uploads\\\/2022\\\/09\\\/001-flexibility-1.png\",\"datePublished\":\"2022-07-18T18:57:49+00:00\",\"dateModified\":\"2024-12-18T22:52:45+00:00\",\"description\":\"Des Interim Manager s\u00e9lectionn\u00e9s sur base de notre expertise pratique. Une solution de Management rapide, durable et tr\u00e8s flexible !\",\"breadcrumb\":{\"@id\":\"https:\\\/\\\/www.chancoandco.be\\\/index.php\\\/fr\\\/accueil-chanco-co-interim-manager\\\/#breadcrumb\"},\"inLanguage\":\"fr-FR\",\"potentialAction\":[{\"@type\":\"ReadAction\",\"target\":[\"https:\\\/\\\/www.chancoandco.be\\\/index.php\\\/fr\\\/accueil-chanco-co-interim-manager\\\/\"]}]},{\"@type\":\"ImageObject\",\"inLanguage\":\"fr-FR\",\"@id\":\"https:\\\/\\\/www.chancoandco.be\\\/index.php\\\/fr\\\/accueil-chanco-co-interim-manager\\\/#primaryimage\",\"url\":\"https:\\\/\\\/www.chancoandco.be\\\/wp-content\\\/uploads\\\/2022\\\/09\\\/001-flexibility-1.png\",\"contentUrl\":\"https:\\\/\\\/www.chancoandco.be\\\/wp-content\\\/uploads\\\/2022\\\/09\\\/001-flexibility-1.png\",\"width\":512,\"height\":512,\"caption\":\"interim manager\"},{\"@type\":\"BreadcrumbList\",\"@id\":\"https:\\\/\\\/www.chancoandco.be\\\/index.php\\\/fr\\\/accueil-chanco-co-interim-manager\\\/#breadcrumb\",\"itemListElement\":[{\"@type\":\"ListItem\",\"position\":1,\"name\":\"Accueil\",\"item\":\"https:\\\/\\\/www.chancoandco.be\\\/index.php\\\/en\\\/home\\\/\"},{\"@type\":\"ListItem\",\"position\":2,\"name\":\"Accueil\"}]},{\"@type\":\"WebSite\",\"@id\":\"https:\\\/\\\/www.chancoandco.be\\\/#website\",\"url\":\"https:\\\/\\\/www.chancoandco.be\\\/\",\"name\":\"Chanco &amp; Co - Highly flexible Interim Manager\",\"description\":\"Consultancy in highly flexible Interim Management\",\"publisher\":{\"@id\":\"https:\\\/\\\/www.chancoandco.be\\\/#organization\"},\"potentialAction\":[{\"@type\":\"SearchAction\",\"target\":{\"@type\":\"EntryPoint\",\"urlTemplate\":\"https:\\\/\\\/www.chancoandco.be\\\/?s={search_term_string}\"},\"query-input\":{\"@type\":\"PropertyValueSpecification\",\"valueRequired\":true,\"valueName\":\"search_term_string\"}}],\"inLanguage\":\"fr-FR\"},{\"@type\":\"Organization\",\"@id\":\"https:\\\/\\\/www.chancoandco.be\\\/#organization\",\"name\":\"Chanco & Co - Highly Flexible Interim Managers\",\"url\":\"https:\\\/\\\/www.chancoandco.be\\\/\",\"logo\":{\"@type\":\"ImageObject\",\"inLanguage\":\"fr-FR\",\"@id\":\"https:\\\/\\\/www.chancoandco.be\\\/#\\\/schema\\\/logo\\\/image\\\/\",\"url\":\"https:\\\/\\\/www.chancoandco.be\\\/wp-content\\\/uploads\\\/2019\\\/07\\\/logo-248-150-1.png\",\"contentUrl\":\"https:\\\/\\\/www.chancoandco.be\\\/wp-content\\\/uploads\\\/2019\\\/07\\\/logo-248-150-1.png\",\"width\":248,\"height\":150,\"caption\":\"Chanco & Co - Highly Flexible Interim Managers\"},\"image\":{\"@id\":\"https:\\\/\\\/www.chancoandco.be\\\/#\\\/schema\\\/logo\\\/image\\\/\"},\"sameAs\":[\"https:\\\/\\\/x.com\\\/MichelJFouarge\",\"https:\\\/\\\/www.linkedin.com\\\/company\\\/chancoandco\\\/about\\\/\",\"https:\\\/\\\/www.linkedin.com\\\/in\\\/micheljfouarge\\\/\"]}]}<\/script>\n<!-- \/ Yoast SEO plugin. -->","yoast_head_json":{"title":"Interim Manager - Chanco &amp; Co - Highly flexible Interim Manager","description":"Des Interim Manager s\u00e9lectionn\u00e9s sur base de notre expertise pratique. Une solution de Management rapide, durable et tr\u00e8s flexible !","robots":{"index":"index","follow":"follow","max-snippet":"max-snippet:-1","max-image-preview":"max-image-preview:large","max-video-preview":"max-video-preview:-1"},"canonical":"https:\/\/www.chancoandco.be\/index.php\/fr\/accueil-chanco-co-interim-manager\/","og_locale":"fr_FR","og_type":"article","og_title":"Interim Manager - Chanco &amp; Co - Highly flexible Interim Manager","og_description":"Des Interim Manager s\u00e9lectionn\u00e9s sur base de notre expertise pratique. Une solution de Management rapide, durable et tr\u00e8s flexible !","og_url":"https:\/\/www.chancoandco.be\/index.php\/fr\/accueil-chanco-co-interim-manager\/","og_site_name":"Chanco &amp; Co - Highly flexible Interim Manager","article_modified_time":"2024-12-18T22:52:45+00:00","og_image":[{"width":512,"height":512,"url":"https:\/\/www.chancoandco.be\/wp-content\/uploads\/2022\/09\/001-flexibility-1.png","type":"image\/png"}],"twitter_card":"summary_large_image","twitter_site":"@MichelJFouarge","twitter_misc":{"Dur\u00e9e de lecture estim\u00e9e":"4 minutes"},"schema":{"@context":"https:\/\/schema.org","@graph":[{"@type":"WebPage","@id":"https:\/\/www.chancoandco.be\/index.php\/fr\/accueil-chanco-co-interim-manager\/","url":"https:\/\/www.chancoandco.be\/index.php\/fr\/accueil-chanco-co-interim-manager\/","name":"Interim Manager - Chanco &amp; Co - Highly flexible Interim Manager","isPartOf":{"@id":"https:\/\/www.chancoandco.be\/#website"},"primaryImageOfPage":{"@id":"https:\/\/www.chancoandco.be\/index.php\/fr\/accueil-chanco-co-interim-manager\/#primaryimage"},"image":{"@id":"https:\/\/www.chancoandco.be\/index.php\/fr\/accueil-chanco-co-interim-manager\/#primaryimage"},"thumbnailUrl":"https:\/\/www.chancoandco.be\/wp-content\/uploads\/2022\/09\/001-flexibility-1.png","datePublished":"2022-07-18T18:57:49+00:00","dateModified":"2024-12-18T22:52:45+00:00","description":"Des Interim Manager s\u00e9lectionn\u00e9s sur base de notre expertise pratique. Une solution de Management rapide, durable et tr\u00e8s flexible !","breadcrumb":{"@id":"https:\/\/www.chancoandco.be\/index.php\/fr\/accueil-chanco-co-interim-manager\/#breadcrumb"},"inLanguage":"fr-FR","potentialAction":[{"@type":"ReadAction","target":["https:\/\/www.chancoandco.be\/index.php\/fr\/accueil-chanco-co-interim-manager\/"]}]},{"@type":"ImageObject","inLanguage":"fr-FR","@id":"https:\/\/www.chancoandco.be\/index.php\/fr\/accueil-chanco-co-interim-manager\/#primaryimage","url":"https:\/\/www.chancoandco.be\/wp-content\/uploads\/2022\/09\/001-flexibility-1.png","contentUrl":"https:\/\/www.chancoandco.be\/wp-content\/uploads\/2022\/09\/001-flexibility-1.png","width":512,"height":512,"caption":"interim manager"},{"@type":"BreadcrumbList","@id":"https:\/\/www.chancoandco.be\/index.php\/fr\/accueil-chanco-co-interim-manager\/#breadcrumb","itemListElement":[{"@type":"ListItem","position":1,"name":"Accueil","item":"https:\/\/www.chancoandco.be\/index.php\/en\/home\/"},{"@type":"ListItem","position":2,"name":"Accueil"}]},{"@type":"WebSite","@id":"https:\/\/www.chancoandco.be\/#website","url":"https:\/\/www.chancoandco.be\/","name":"Chanco &amp; Co - Highly flexible Interim Manager","description":"Consultancy in highly flexible Interim Management","publisher":{"@id":"https:\/\/www.chancoandco.be\/#organization"},"potentialAction":[{"@type":"SearchAction","target":{"@type":"EntryPoint","urlTemplate":"https:\/\/www.chancoandco.be\/?s={search_term_string}"},"query-input":{"@type":"PropertyValueSpecification","valueRequired":true,"valueName":"search_term_string"}}],"inLanguage":"fr-FR"},{"@type":"Organization","@id":"https:\/\/www.chancoandco.be\/#organization","name":"Chanco & Co - Highly Flexible Interim Managers","url":"https:\/\/www.chancoandco.be\/","logo":{"@type":"ImageObject","inLanguage":"fr-FR","@id":"https:\/\/www.chancoandco.be\/#\/schema\/logo\/image\/","url":"https:\/\/www.chancoandco.be\/wp-content\/uploads\/2019\/07\/logo-248-150-1.png","contentUrl":"https:\/\/www.chancoandco.be\/wp-content\/uploads\/2019\/07\/logo-248-150-1.png","width":248,"height":150,"caption":"Chanco & Co - Highly Flexible Interim Managers"},"image":{"@id":"https:\/\/www.chancoandco.be\/#\/schema\/logo\/image\/"},"sameAs":["https:\/\/x.com\/MichelJFouarge","https:\/\/www.linkedin.com\/company\/chancoandco\/about\/","https:\/\/www.linkedin.com\/in\/micheljfouarge\/"]}]}},"_links":{"self":[{"href":"https:\/\/www.chancoandco.be\/index.php\/wp-json\/wp\/v2\/pages\/805","targetHints":{"allow":["GET"]}}],"collection":[{"href":"https:\/\/www.chancoandco.be\/index.php\/wp-json\/wp\/v2\/pages"}],"about":[{"href":"https:\/\/www.chancoandco.be\/index.php\/wp-json\/wp\/v2\/types\/page"}],"author":[{"embeddable":true,"href":"https:\/\/www.chancoandco.be\/index.php\/wp-json\/wp\/v2\/users\/2"}],"replies":[{"embeddable":true,"href":"https:\/\/www.chancoandco.be\/index.php\/wp-json\/wp\/v2\/comments?post=805"}],"version-history":[{"count":58,"href":"https:\/\/www.chancoandco.be\/index.php\/wp-json\/wp\/v2\/pages\/805\/revisions"}],"predecessor-version":[{"id":1153,"href":"https:\/\/www.chancoandco.be\/index.php\/wp-json\/wp\/v2\/pages\/805\/revisions\/1153"}],"wp:attachment":[{"href":"https:\/\/www.chancoandco.be\/index.php\/wp-json\/wp\/v2\/media?parent=805"}],"curies":[{"name":"wp","href":"https:\/\/api.w.org\/{rel}","templated":true}]}}