{"id":660,"date":"2022-07-11T20:38:19","date_gmt":"2022-07-11T18:38:19","guid":{"rendered":"http:\/\/chancoandco.be\/?page_id=660"},"modified":"2022-08-02T15:19:56","modified_gmt":"2022-08-02T13:19:56","slug":"client-2","status":"publish","type":"page","link":"https:\/\/www.chancoandco.be\/index.php\/fr\/client-2\/","title":{"rendered":"Client"},"content":{"rendered":"\n<p class=\"has-text-align-center\">\n\n\n\n<p>Parce que le monde change de plus en plus vite, vous avez besoin de la plus grande flexibilit\u00e9 et vitesse  possibles en Interim Management. Notre approche transparente et flexible vous permet :&nbsp;<\/p>\n\n\n\n<ul class=\"wp-block-list\"><li>Gr\u00e2ce \u00e0 notre approche professionnelle et bas\u00e9e sur les principes du project management, de mettre \u00e0 votre disposition la meilleure s\u00e9lection d&rsquo;Interim Managers provenant de notre tr\u00e8s large pool (plus de 4.000 Interim Managers! ).  <\/li><li>D&rsquo;avoir un contrat direct et libre avec l&rsquo;Interim Manager.<\/li><li>De ne nous devoir que maximum 9 mois de fee de recrutement. Apr\u00e8s cela, vous \u00eates libre de contracter directement sans limite dans le temps. Epargnez de la sorte 30.000\u20ac la premi\u00e8re ann\u00e9e et 60.000\u20ac la seconde !  <\/li><li>Afin de pouvoir assurer une s\u00e9lection optimale, nous pr\u00e9f\u00e9rons travailler end\u00e9ans les 4 jours et en exclusivit\u00e9. &nbsp;<\/li><\/ul>\n\n\n<div class=\"wp-block-image\">\n<figure class=\"alignleft size-large is-resized\"><img loading=\"lazy\" decoding=\"async\" src=\"http:\/\/chancoandco.be\/wp-content\/uploads\/2018\/02\/shutterstock_251834749-300x200.jpg\" alt=\"\" class=\"wp-image-231\" width=\"496\" height=\"330\" srcset=\"https:\/\/www.chancoandco.be\/wp-content\/uploads\/2018\/02\/shutterstock_251834749-300x200.jpg 300w, https:\/\/www.chancoandco.be\/wp-content\/uploads\/2018\/02\/shutterstock_251834749-768x512.jpg 768w, https:\/\/www.chancoandco.be\/wp-content\/uploads\/2018\/02\/shutterstock_251834749-1024x683.jpg 1024w, https:\/\/www.chancoandco.be\/wp-content\/uploads\/2018\/02\/shutterstock_251834749-800x533.jpg 800w\" sizes=\"auto, (max-width: 496px) 100vw, 496px\" \/><\/figure><\/div>\n\n\n<p>Dans les situations d&rsquo;Interim Management suivantes, Chanco &amp; Co vous met \u00e0 disposition les meilleurs Interim Managers disponibles afin de vous apporter les meilleurs solutions dans les meilleurs d\u00e9lais :  <\/p>\n\n\n\n<div class=\"wp-block-columns is-layout-flex wp-container-core-columns-is-layout-9d6595d7 wp-block-columns-is-layout-flex\">\n<div class=\"wp-block-column is-layout-flow wp-block-column-is-layout-flow\" style=\"flex-basis:100%\">\n<ul class=\"wp-block-list\"><li>des projets dans lesquels le savoir-faire ou du temps sont n\u00e9cessaires <\/li><li>des transitions dans des circonstances difficiles ou pas <\/li><li>des crises d&rsquo;une organisation ou d&rsquo;un d\u00e9partement<\/li><\/ul>\n<\/div>\n<\/div>\n\n\n\n<p>Reconnaissez-vous votre situation ? Souhaitez-vous trouver une solution rapide, durable et efficace gr\u00e2ce \u00e0 un de nos Interim Managers ?<\/p>\n\n\n\n<p>Nous vous aiderons avec plaisir \u00e0 trouver le meilleur Interim Manager. Appelez-vous au <a href=\"tel: +32485083557\">+32 485 08 35 57<\/a>  ou contactez-nous par email : <a href=\"mailto:michel.j.fouarge@chancoandco.be\">michel.j.fouarge@chancoandco.be<\/a> <\/p>\n\n\n\n<p class=\"has-text-align-center\"><\/p>\n","protected":false},"excerpt":{"rendered":"<p>Parce que le monde change de plus en plus vite, vous avez besoin de la plus grande flexibilit\u00e9 et vitesse possibles en Interim Management. Notre approche transparente et flexible vous permet :&nbsp;<a class=\"moretag\" href=\"https:\/\/www.chancoandco.be\/index.php\/fr\/client-2\/\">Read More&#8230;<\/a><\/p>\n","protected":false},"author":2,"featured_media":0,"parent":0,"menu_order":0,"comment_status":"closed","ping_status":"closed","template":"","meta":{"_monsterinsights_skip_tracking":false,"_monsterinsights_sitenote_active":false,"_monsterinsights_sitenote_note":"","_monsterinsights_sitenote_category":0,"footnotes":""},"class_list":["post-660","page","type-page","status-publish","hentry"],"yoast_head":"<!-- This site is optimized with the Yoast SEO plugin v27.5 - https:\/\/yoast.com\/product\/yoast-seo-wordpress\/ -->\n<title>Client - Chanco &amp; Co - Highly flexible Interim Manager<\/title>\n<meta name=\"description\" content=\"Des Top Interim Manager s\u00e9lectionn\u00e9s sur base de notre expertise pratique. Une solution de Management rapide, durable et tr\u00e8s flexible !\" \/>\n<meta name=\"robots\" content=\"index, follow, max-snippet:-1, max-image-preview:large, max-video-preview:-1\" \/>\n<link rel=\"canonical\" href=\"https:\/\/www.chancoandco.be\/index.php\/fr\/client-2\/\" \/>\n<meta property=\"og:locale\" content=\"fr_FR\" \/>\n<meta property=\"og:type\" content=\"article\" \/>\n<meta property=\"og:title\" content=\"Client - Chanco &amp; Co - Highly flexible Interim Manager\" \/>\n<meta property=\"og:description\" content=\"Des Top Interim Manager s\u00e9lectionn\u00e9s sur base de notre expertise pratique. Une solution de Management rapide, durable et tr\u00e8s flexible !\" \/>\n<meta property=\"og:url\" content=\"https:\/\/www.chancoandco.be\/index.php\/fr\/client-2\/\" \/>\n<meta property=\"og:site_name\" content=\"Chanco &amp; Co - Highly flexible Interim Manager\" \/>\n<meta property=\"article:modified_time\" content=\"2022-08-02T13:19:56+00:00\" \/>\n<meta property=\"og:image\" content=\"http:\/\/chancoandco.be\/wp-content\/uploads\/2018\/02\/shutterstock_251834749-300x200.jpg\" \/>\n<meta name=\"twitter:card\" content=\"summary_large_image\" \/>\n<meta name=\"twitter:site\" content=\"@MichelJFouarge\" \/>\n<meta name=\"twitter:label1\" content=\"Dur\u00e9e de lecture estim\u00e9e\" \/>\n\t<meta name=\"twitter:data1\" content=\"2 minutes\" \/>\n<script type=\"application\/ld+json\" class=\"yoast-schema-graph\">{\"@context\":\"https:\\\/\\\/schema.org\",\"@graph\":[{\"@type\":\"WebPage\",\"@id\":\"https:\\\/\\\/www.chancoandco.be\\\/index.php\\\/fr\\\/client-2\\\/\",\"url\":\"https:\\\/\\\/www.chancoandco.be\\\/index.php\\\/fr\\\/client-2\\\/\",\"name\":\"Client - Chanco &amp; Co - Highly flexible Interim Manager\",\"isPartOf\":{\"@id\":\"https:\\\/\\\/www.chancoandco.be\\\/#website\"},\"primaryImageOfPage\":{\"@id\":\"https:\\\/\\\/www.chancoandco.be\\\/index.php\\\/fr\\\/client-2\\\/#primaryimage\"},\"image\":{\"@id\":\"https:\\\/\\\/www.chancoandco.be\\\/index.php\\\/fr\\\/client-2\\\/#primaryimage\"},\"thumbnailUrl\":\"http:\\\/\\\/chancoandco.be\\\/wp-content\\\/uploads\\\/2018\\\/02\\\/shutterstock_251834749-300x200.jpg\",\"datePublished\":\"2022-07-11T18:38:19+00:00\",\"dateModified\":\"2022-08-02T13:19:56+00:00\",\"description\":\"Des Top Interim Manager s\u00e9lectionn\u00e9s sur base de notre expertise pratique. Une solution de Management rapide, durable et tr\u00e8s flexible !\",\"breadcrumb\":{\"@id\":\"https:\\\/\\\/www.chancoandco.be\\\/index.php\\\/fr\\\/client-2\\\/#breadcrumb\"},\"inLanguage\":\"fr-FR\",\"potentialAction\":[{\"@type\":\"ReadAction\",\"target\":[\"https:\\\/\\\/www.chancoandco.be\\\/index.php\\\/fr\\\/client-2\\\/\"]}]},{\"@type\":\"ImageObject\",\"inLanguage\":\"fr-FR\",\"@id\":\"https:\\\/\\\/www.chancoandco.be\\\/index.php\\\/fr\\\/client-2\\\/#primaryimage\",\"url\":\"http:\\\/\\\/chancoandco.be\\\/wp-content\\\/uploads\\\/2018\\\/02\\\/shutterstock_251834749-300x200.jpg\",\"contentUrl\":\"http:\\\/\\\/chancoandco.be\\\/wp-content\\\/uploads\\\/2018\\\/02\\\/shutterstock_251834749-300x200.jpg\"},{\"@type\":\"BreadcrumbList\",\"@id\":\"https:\\\/\\\/www.chancoandco.be\\\/index.php\\\/fr\\\/client-2\\\/#breadcrumb\",\"itemListElement\":[{\"@type\":\"ListItem\",\"position\":1,\"name\":\"Accueil\",\"item\":\"https:\\\/\\\/www.chancoandco.be\\\/index.php\\\/en\\\/home\\\/\"},{\"@type\":\"ListItem\",\"position\":2,\"name\":\"Client\"}]},{\"@type\":\"WebSite\",\"@id\":\"https:\\\/\\\/www.chancoandco.be\\\/#website\",\"url\":\"https:\\\/\\\/www.chancoandco.be\\\/\",\"name\":\"Chanco &amp; Co - Highly flexible Interim Manager\",\"description\":\"Consultancy in highly flexible Interim Management\",\"publisher\":{\"@id\":\"https:\\\/\\\/www.chancoandco.be\\\/#organization\"},\"potentialAction\":[{\"@type\":\"SearchAction\",\"target\":{\"@type\":\"EntryPoint\",\"urlTemplate\":\"https:\\\/\\\/www.chancoandco.be\\\/?s={search_term_string}\"},\"query-input\":{\"@type\":\"PropertyValueSpecification\",\"valueRequired\":true,\"valueName\":\"search_term_string\"}}],\"inLanguage\":\"fr-FR\"},{\"@type\":\"Organization\",\"@id\":\"https:\\\/\\\/www.chancoandco.be\\\/#organization\",\"name\":\"Chanco & Co - Highly Flexible Interim Managers\",\"url\":\"https:\\\/\\\/www.chancoandco.be\\\/\",\"logo\":{\"@type\":\"ImageObject\",\"inLanguage\":\"fr-FR\",\"@id\":\"https:\\\/\\\/www.chancoandco.be\\\/#\\\/schema\\\/logo\\\/image\\\/\",\"url\":\"https:\\\/\\\/www.chancoandco.be\\\/wp-content\\\/uploads\\\/2019\\\/07\\\/logo-248-150-1.png\",\"contentUrl\":\"https:\\\/\\\/www.chancoandco.be\\\/wp-content\\\/uploads\\\/2019\\\/07\\\/logo-248-150-1.png\",\"width\":248,\"height\":150,\"caption\":\"Chanco & Co - Highly Flexible Interim Managers\"},\"image\":{\"@id\":\"https:\\\/\\\/www.chancoandco.be\\\/#\\\/schema\\\/logo\\\/image\\\/\"},\"sameAs\":[\"https:\\\/\\\/x.com\\\/MichelJFouarge\",\"https:\\\/\\\/www.linkedin.com\\\/company\\\/chancoandco\\\/about\\\/\",\"https:\\\/\\\/www.linkedin.com\\\/in\\\/micheljfouarge\\\/\"]}]}<\/script>\n<!-- \/ Yoast SEO plugin. -->","yoast_head_json":{"title":"Client - Chanco &amp; Co - Highly flexible Interim Manager","description":"Des Top Interim Manager s\u00e9lectionn\u00e9s sur base de notre expertise pratique. Une solution de Management rapide, durable et tr\u00e8s flexible !","robots":{"index":"index","follow":"follow","max-snippet":"max-snippet:-1","max-image-preview":"max-image-preview:large","max-video-preview":"max-video-preview:-1"},"canonical":"https:\/\/www.chancoandco.be\/index.php\/fr\/client-2\/","og_locale":"fr_FR","og_type":"article","og_title":"Client - Chanco &amp; Co - Highly flexible Interim Manager","og_description":"Des Top Interim Manager s\u00e9lectionn\u00e9s sur base de notre expertise pratique. Une solution de Management rapide, durable et tr\u00e8s flexible !","og_url":"https:\/\/www.chancoandco.be\/index.php\/fr\/client-2\/","og_site_name":"Chanco &amp; Co - Highly flexible Interim Manager","article_modified_time":"2022-08-02T13:19:56+00:00","og_image":[{"url":"http:\/\/chancoandco.be\/wp-content\/uploads\/2018\/02\/shutterstock_251834749-300x200.jpg","type":"","width":"","height":""}],"twitter_card":"summary_large_image","twitter_site":"@MichelJFouarge","twitter_misc":{"Dur\u00e9e de lecture estim\u00e9e":"2 minutes"},"schema":{"@context":"https:\/\/schema.org","@graph":[{"@type":"WebPage","@id":"https:\/\/www.chancoandco.be\/index.php\/fr\/client-2\/","url":"https:\/\/www.chancoandco.be\/index.php\/fr\/client-2\/","name":"Client - Chanco &amp; Co - Highly flexible Interim Manager","isPartOf":{"@id":"https:\/\/www.chancoandco.be\/#website"},"primaryImageOfPage":{"@id":"https:\/\/www.chancoandco.be\/index.php\/fr\/client-2\/#primaryimage"},"image":{"@id":"https:\/\/www.chancoandco.be\/index.php\/fr\/client-2\/#primaryimage"},"thumbnailUrl":"http:\/\/chancoandco.be\/wp-content\/uploads\/2018\/02\/shutterstock_251834749-300x200.jpg","datePublished":"2022-07-11T18:38:19+00:00","dateModified":"2022-08-02T13:19:56+00:00","description":"Des Top Interim Manager s\u00e9lectionn\u00e9s sur base de notre expertise pratique. Une solution de Management rapide, durable et tr\u00e8s flexible !","breadcrumb":{"@id":"https:\/\/www.chancoandco.be\/index.php\/fr\/client-2\/#breadcrumb"},"inLanguage":"fr-FR","potentialAction":[{"@type":"ReadAction","target":["https:\/\/www.chancoandco.be\/index.php\/fr\/client-2\/"]}]},{"@type":"ImageObject","inLanguage":"fr-FR","@id":"https:\/\/www.chancoandco.be\/index.php\/fr\/client-2\/#primaryimage","url":"http:\/\/chancoandco.be\/wp-content\/uploads\/2018\/02\/shutterstock_251834749-300x200.jpg","contentUrl":"http:\/\/chancoandco.be\/wp-content\/uploads\/2018\/02\/shutterstock_251834749-300x200.jpg"},{"@type":"BreadcrumbList","@id":"https:\/\/www.chancoandco.be\/index.php\/fr\/client-2\/#breadcrumb","itemListElement":[{"@type":"ListItem","position":1,"name":"Accueil","item":"https:\/\/www.chancoandco.be\/index.php\/en\/home\/"},{"@type":"ListItem","position":2,"name":"Client"}]},{"@type":"WebSite","@id":"https:\/\/www.chancoandco.be\/#website","url":"https:\/\/www.chancoandco.be\/","name":"Chanco &amp; Co - Highly flexible Interim Manager","description":"Consultancy in highly flexible Interim Management","publisher":{"@id":"https:\/\/www.chancoandco.be\/#organization"},"potentialAction":[{"@type":"SearchAction","target":{"@type":"EntryPoint","urlTemplate":"https:\/\/www.chancoandco.be\/?s={search_term_string}"},"query-input":{"@type":"PropertyValueSpecification","valueRequired":true,"valueName":"search_term_string"}}],"inLanguage":"fr-FR"},{"@type":"Organization","@id":"https:\/\/www.chancoandco.be\/#organization","name":"Chanco & Co - Highly Flexible Interim Managers","url":"https:\/\/www.chancoandco.be\/","logo":{"@type":"ImageObject","inLanguage":"fr-FR","@id":"https:\/\/www.chancoandco.be\/#\/schema\/logo\/image\/","url":"https:\/\/www.chancoandco.be\/wp-content\/uploads\/2019\/07\/logo-248-150-1.png","contentUrl":"https:\/\/www.chancoandco.be\/wp-content\/uploads\/2019\/07\/logo-248-150-1.png","width":248,"height":150,"caption":"Chanco & Co - Highly Flexible Interim Managers"},"image":{"@id":"https:\/\/www.chancoandco.be\/#\/schema\/logo\/image\/"},"sameAs":["https:\/\/x.com\/MichelJFouarge","https:\/\/www.linkedin.com\/company\/chancoandco\/about\/","https:\/\/www.linkedin.com\/in\/micheljfouarge\/"]}]}},"_links":{"self":[{"href":"https:\/\/www.chancoandco.be\/index.php\/wp-json\/wp\/v2\/pages\/660","targetHints":{"allow":["GET"]}}],"collection":[{"href":"https:\/\/www.chancoandco.be\/index.php\/wp-json\/wp\/v2\/pages"}],"about":[{"href":"https:\/\/www.chancoandco.be\/index.php\/wp-json\/wp\/v2\/types\/page"}],"author":[{"embeddable":true,"href":"https:\/\/www.chancoandco.be\/index.php\/wp-json\/wp\/v2\/users\/2"}],"replies":[{"embeddable":true,"href":"https:\/\/www.chancoandco.be\/index.php\/wp-json\/wp\/v2\/comments?post=660"}],"version-history":[{"count":9,"href":"https:\/\/www.chancoandco.be\/index.php\/wp-json\/wp\/v2\/pages\/660\/revisions"}],"predecessor-version":[{"id":917,"href":"https:\/\/www.chancoandco.be\/index.php\/wp-json\/wp\/v2\/pages\/660\/revisions\/917"}],"wp:attachment":[{"href":"https:\/\/www.chancoandco.be\/index.php\/wp-json\/wp\/v2\/media?parent=660"}],"curies":[{"name":"wp","href":"https:\/\/api.w.org\/{rel}","templated":true}]}}