{"id":509,"date":"2021-01-14T01:31:56","date_gmt":"2021-01-14T00:31:56","guid":{"rendered":"http:\/\/chancoandco.be\/?page_id=509"},"modified":"2022-09-12T17:35:40","modified_gmt":"2022-09-12T15:35:40","slug":"webinars","status":"publish","type":"page","link":"https:\/\/www.chancoandco.be\/index.php\/en\/webinars\/","title":{"rendered":"Webinars"},"content":{"rendered":"\n<p><mark style=\"background-color:rgba(0, 0, 0, 0);color:#990000\" class=\"has-inline-color\"><strong>De Parels &#8211; Les P\u00e9pites de Michel J. Fouarge<\/strong><\/mark><\/p>\n\n\n\n<p>Klik hier-&gt; <a href=\"https:\/\/www.chancoandco.be\/index.php\/wanneer-weet-men-dat-men-de-goede-interim-manager-aangeworven-heeft\/\">Wanneer weet men dat men de goede Interim Manager aangeworven heeft ?<\/a>  <\/p>\n\n\n\n<p>Cliquez ici -&gt;<a href=\"https:\/\/www.chancoandco.be\/index.php\/fr\/quand-sait-on-quon-a-recrute-le-bon-interim-manager\/\">Quand sait-on qu&rsquo;on a recrut\u00e9 le bon Interim Manager ? <\/a><\/p>\n\n\n\n<p>Klik hier -&gt; <a href=\"https:\/\/www.chancoandco.be\/index.php\/concurrentie-ofwel-exclusiviteit-om-een-interim-manager-te-rekruteren\/\">Concurrentie ofwel exclusiviteit om een Interim Manager te rekruteren ?<\/a> <\/p>\n\n\n\n<p>Cliquez ici -&gt; <a href=\"https:\/\/www.chancoandco.be\/index.php\/concurrence-ou-exclusivite-pour-recruter-un-interim-manager\/\">Concurrence ou exclusivit\u00e9 pour recruter un Interim Manager ?<\/a> <\/p>\n\n\n\n<p>Klik hier -&gt; <a href=\"https:\/\/www.chancoandco.be\/index.php\/welke-inhoud-voor-een-briefing-om-een-interim-manager-te-rekruteren\/\" target=\"_blank\" rel=\"noreferrer noopener\">Welke inhoud voor een briefing om een Interim Manager te rekruteren ?   <\/a><\/p>\n\n\n\n<p>Cliquez ici -&gt; <a href=\"https:\/\/chancoandco.be\/index.php\/quel-contenu-de-briefing-pour-le-recrutement-dun-interim-manager\/\">Quel contenu de briefing pour le recrutement d&rsquo;un Interim Manager ?<\/a><\/p>\n\n\n\n<p>Klik hier -&gt; <a href=\"https:\/\/chancoandco.be\/index.php\/een-interim-manager-rekruteren-op-basis-van-competenties-ofwel-ervaring\/\">Een Interim manager rekruteren : op basis van competenties ofwel ervaring ?<\/a><\/p>\n\n\n\n<p>Cliquez -&gt; <a href=\"https:\/\/chancoandco.be\/index.php\/recruter-un-interim-manager-sur-base-de-competences-ou-sur-base-dexperience\/\">Recruter un Interim Manager: sur base de comp\u00e9tences ou sur base d&rsquo;exp\u00e9rience ?<\/a><\/p>\n\n\n\n<p>Klik hier -&gt; <a href=\"http:\/\/chancoandco.be\/index.php\/waarom-de-redenen-voor-de-rekrutering-van-interim-manager-beschrijven\/\">Waarom de redenen voor de rekrutering van een Interim Manager beschrijven ?  <\/a><\/p>\n\n\n\n<p>Cliquez -&gt;<span class=\"has-inline-color has-vivid-cyan-blue-color\"> <a href=\"https:\/\/chancoandco.be\/index.php\/pourquoi-donner-les-raisons-du-recrutement-dun-interim-manager\/\">Pourquoi donner les raisons du recrutement d&rsquo;un Interim Manager ?<\/a><\/span><\/p>\n\n\n\n<p>Klik hier -&gt; <a href=\"https:\/\/chancoandco.be\/index.php\/een-job-description-nodig-om-een-interim-manager-aan-te-werven-28-01-2020\/\">Een job description nodig om een Interim Manager aan te werven ?<\/a><\/p>\n\n\n\n<p>Cliquez -&gt; <a href=\"https:\/\/chancoandco.be\/index.php\/faut-il-un-job-description-pour-recruter-un-interim-manager\/\">Faut-il un Job description pour engager un Interim Manager ? <\/a><\/p>\n\n\n\n<p><\/p>\n","protected":false},"excerpt":{"rendered":"<p>De Parels &#8211; Les P\u00e9pites de Michel J. Fouarge Klik hier-&gt; Wanneer weet men dat men de goede Interim Manager aangeworven heeft ? Cliquez ici -&gt;Quand sait-on qu&rsquo;on a recrut\u00e9 le bon<a class=\"moretag\" href=\"https:\/\/www.chancoandco.be\/index.php\/en\/webinars\/\">Read More&#8230;<\/a><\/p>\n","protected":false},"author":2,"featured_media":0,"parent":0,"menu_order":0,"comment_status":"closed","ping_status":"closed","template":"","meta":{"_monsterinsights_skip_tracking":false,"_monsterinsights_sitenote_active":false,"_monsterinsights_sitenote_note":"","_monsterinsights_sitenote_category":0,"footnotes":""},"class_list":["post-509","page","type-page","status-publish","hentry"],"yoast_head":"<!-- This site is optimized with the Yoast SEO plugin v27.3 - https:\/\/yoast.com\/product\/yoast-seo-wordpress\/ -->\n<title>Webinars - Chanco &amp; Co - Highly flexible Interim Manager<\/title>\n<meta name=\"description\" content=\"Des Top Interim Manager s\u00e9lectionn\u00e9s sur base de notre expertise pratique. Une solution de Management rapide, durable et tr\u00e8s flexible !\" \/>\n<meta name=\"robots\" content=\"index, follow, max-snippet:-1, max-image-preview:large, max-video-preview:-1\" \/>\n<link rel=\"canonical\" href=\"https:\/\/www.chancoandco.be\/index.php\/en\/webinars\/\" \/>\n<meta property=\"og:locale\" content=\"fr_FR\" \/>\n<meta property=\"og:type\" content=\"article\" \/>\n<meta property=\"og:title\" content=\"Webinars - Chanco &amp; Co - Highly flexible Interim Manager\" \/>\n<meta property=\"og:description\" content=\"Des Top Interim Manager s\u00e9lectionn\u00e9s sur base de notre expertise pratique. Une solution de Management rapide, durable et tr\u00e8s flexible !\" \/>\n<meta property=\"og:url\" content=\"https:\/\/www.chancoandco.be\/index.php\/en\/webinars\/\" \/>\n<meta property=\"og:site_name\" content=\"Chanco &amp; Co - Highly flexible Interim Manager\" \/>\n<meta property=\"article:modified_time\" content=\"2022-09-12T15:35:40+00:00\" \/>\n<meta name=\"twitter:card\" content=\"summary_large_image\" \/>\n<meta name=\"twitter:site\" content=\"@MichelJFouarge\" \/>\n<meta name=\"twitter:label1\" content=\"Dur\u00e9e de lecture estim\u00e9e\" \/>\n\t<meta name=\"twitter:data1\" content=\"1 minute\" \/>\n<script type=\"application\/ld+json\" class=\"yoast-schema-graph\">{\"@context\":\"https:\\\/\\\/schema.org\",\"@graph\":[{\"@type\":\"WebPage\",\"@id\":\"https:\\\/\\\/www.chancoandco.be\\\/index.php\\\/en\\\/webinars\\\/\",\"url\":\"https:\\\/\\\/www.chancoandco.be\\\/index.php\\\/en\\\/webinars\\\/\",\"name\":\"Webinars - Chanco &amp; Co - Highly flexible Interim Manager\",\"isPartOf\":{\"@id\":\"https:\\\/\\\/www.chancoandco.be\\\/#website\"},\"datePublished\":\"2021-01-14T00:31:56+00:00\",\"dateModified\":\"2022-09-12T15:35:40+00:00\",\"description\":\"Des Top Interim Manager s\u00e9lectionn\u00e9s sur base de notre expertise pratique. Une solution de Management rapide, durable et tr\u00e8s flexible !\",\"breadcrumb\":{\"@id\":\"https:\\\/\\\/www.chancoandco.be\\\/index.php\\\/en\\\/webinars\\\/#breadcrumb\"},\"inLanguage\":\"fr-FR\",\"potentialAction\":[{\"@type\":\"ReadAction\",\"target\":[\"https:\\\/\\\/www.chancoandco.be\\\/index.php\\\/en\\\/webinars\\\/\"]}]},{\"@type\":\"BreadcrumbList\",\"@id\":\"https:\\\/\\\/www.chancoandco.be\\\/index.php\\\/en\\\/webinars\\\/#breadcrumb\",\"itemListElement\":[{\"@type\":\"ListItem\",\"position\":1,\"name\":\"Accueil\",\"item\":\"https:\\\/\\\/www.chancoandco.be\\\/index.php\\\/en\\\/home\\\/\"},{\"@type\":\"ListItem\",\"position\":2,\"name\":\"Webinars\"}]},{\"@type\":\"WebSite\",\"@id\":\"https:\\\/\\\/www.chancoandco.be\\\/#website\",\"url\":\"https:\\\/\\\/www.chancoandco.be\\\/\",\"name\":\"Chanco &amp; Co - Highly flexible Interim Manager\",\"description\":\"Consultancy in highly flexible Interim Management\",\"publisher\":{\"@id\":\"https:\\\/\\\/www.chancoandco.be\\\/#organization\"},\"potentialAction\":[{\"@type\":\"SearchAction\",\"target\":{\"@type\":\"EntryPoint\",\"urlTemplate\":\"https:\\\/\\\/www.chancoandco.be\\\/?s={search_term_string}\"},\"query-input\":{\"@type\":\"PropertyValueSpecification\",\"valueRequired\":true,\"valueName\":\"search_term_string\"}}],\"inLanguage\":\"fr-FR\"},{\"@type\":\"Organization\",\"@id\":\"https:\\\/\\\/www.chancoandco.be\\\/#organization\",\"name\":\"Chanco & Co - Highly Flexible Interim Managers\",\"url\":\"https:\\\/\\\/www.chancoandco.be\\\/\",\"logo\":{\"@type\":\"ImageObject\",\"inLanguage\":\"fr-FR\",\"@id\":\"https:\\\/\\\/www.chancoandco.be\\\/#\\\/schema\\\/logo\\\/image\\\/\",\"url\":\"https:\\\/\\\/www.chancoandco.be\\\/wp-content\\\/uploads\\\/2019\\\/07\\\/logo-248-150-1.png\",\"contentUrl\":\"https:\\\/\\\/www.chancoandco.be\\\/wp-content\\\/uploads\\\/2019\\\/07\\\/logo-248-150-1.png\",\"width\":248,\"height\":150,\"caption\":\"Chanco & Co - Highly Flexible Interim Managers\"},\"image\":{\"@id\":\"https:\\\/\\\/www.chancoandco.be\\\/#\\\/schema\\\/logo\\\/image\\\/\"},\"sameAs\":[\"https:\\\/\\\/x.com\\\/MichelJFouarge\",\"https:\\\/\\\/www.linkedin.com\\\/company\\\/chancoandco\\\/about\\\/\",\"https:\\\/\\\/www.linkedin.com\\\/in\\\/micheljfouarge\\\/\"]}]}<\/script>\n<!-- \/ Yoast SEO plugin. -->","yoast_head_json":{"title":"Webinars - Chanco &amp; Co - Highly flexible Interim Manager","description":"Des Top Interim Manager s\u00e9lectionn\u00e9s sur base de notre expertise pratique. Une solution de Management rapide, durable et tr\u00e8s flexible !","robots":{"index":"index","follow":"follow","max-snippet":"max-snippet:-1","max-image-preview":"max-image-preview:large","max-video-preview":"max-video-preview:-1"},"canonical":"https:\/\/www.chancoandco.be\/index.php\/en\/webinars\/","og_locale":"fr_FR","og_type":"article","og_title":"Webinars - Chanco &amp; Co - Highly flexible Interim Manager","og_description":"Des Top Interim Manager s\u00e9lectionn\u00e9s sur base de notre expertise pratique. Une solution de Management rapide, durable et tr\u00e8s flexible !","og_url":"https:\/\/www.chancoandco.be\/index.php\/en\/webinars\/","og_site_name":"Chanco &amp; Co - Highly flexible Interim Manager","article_modified_time":"2022-09-12T15:35:40+00:00","twitter_card":"summary_large_image","twitter_site":"@MichelJFouarge","twitter_misc":{"Dur\u00e9e de lecture estim\u00e9e":"1 minute"},"schema":{"@context":"https:\/\/schema.org","@graph":[{"@type":"WebPage","@id":"https:\/\/www.chancoandco.be\/index.php\/en\/webinars\/","url":"https:\/\/www.chancoandco.be\/index.php\/en\/webinars\/","name":"Webinars - Chanco &amp; Co - Highly flexible Interim Manager","isPartOf":{"@id":"https:\/\/www.chancoandco.be\/#website"},"datePublished":"2021-01-14T00:31:56+00:00","dateModified":"2022-09-12T15:35:40+00:00","description":"Des Top Interim Manager s\u00e9lectionn\u00e9s sur base de notre expertise pratique. Une solution de Management rapide, durable et tr\u00e8s flexible !","breadcrumb":{"@id":"https:\/\/www.chancoandco.be\/index.php\/en\/webinars\/#breadcrumb"},"inLanguage":"fr-FR","potentialAction":[{"@type":"ReadAction","target":["https:\/\/www.chancoandco.be\/index.php\/en\/webinars\/"]}]},{"@type":"BreadcrumbList","@id":"https:\/\/www.chancoandco.be\/index.php\/en\/webinars\/#breadcrumb","itemListElement":[{"@type":"ListItem","position":1,"name":"Accueil","item":"https:\/\/www.chancoandco.be\/index.php\/en\/home\/"},{"@type":"ListItem","position":2,"name":"Webinars"}]},{"@type":"WebSite","@id":"https:\/\/www.chancoandco.be\/#website","url":"https:\/\/www.chancoandco.be\/","name":"Chanco &amp; Co - Highly flexible Interim Manager","description":"Consultancy in highly flexible Interim Management","publisher":{"@id":"https:\/\/www.chancoandco.be\/#organization"},"potentialAction":[{"@type":"SearchAction","target":{"@type":"EntryPoint","urlTemplate":"https:\/\/www.chancoandco.be\/?s={search_term_string}"},"query-input":{"@type":"PropertyValueSpecification","valueRequired":true,"valueName":"search_term_string"}}],"inLanguage":"fr-FR"},{"@type":"Organization","@id":"https:\/\/www.chancoandco.be\/#organization","name":"Chanco & Co - Highly Flexible Interim Managers","url":"https:\/\/www.chancoandco.be\/","logo":{"@type":"ImageObject","inLanguage":"fr-FR","@id":"https:\/\/www.chancoandco.be\/#\/schema\/logo\/image\/","url":"https:\/\/www.chancoandco.be\/wp-content\/uploads\/2019\/07\/logo-248-150-1.png","contentUrl":"https:\/\/www.chancoandco.be\/wp-content\/uploads\/2019\/07\/logo-248-150-1.png","width":248,"height":150,"caption":"Chanco & Co - Highly Flexible Interim Managers"},"image":{"@id":"https:\/\/www.chancoandco.be\/#\/schema\/logo\/image\/"},"sameAs":["https:\/\/x.com\/MichelJFouarge","https:\/\/www.linkedin.com\/company\/chancoandco\/about\/","https:\/\/www.linkedin.com\/in\/micheljfouarge\/"]}]}},"_links":{"self":[{"href":"https:\/\/www.chancoandco.be\/index.php\/wp-json\/wp\/v2\/pages\/509","targetHints":{"allow":["GET"]}}],"collection":[{"href":"https:\/\/www.chancoandco.be\/index.php\/wp-json\/wp\/v2\/pages"}],"about":[{"href":"https:\/\/www.chancoandco.be\/index.php\/wp-json\/wp\/v2\/types\/page"}],"author":[{"embeddable":true,"href":"https:\/\/www.chancoandco.be\/index.php\/wp-json\/wp\/v2\/users\/2"}],"replies":[{"embeddable":true,"href":"https:\/\/www.chancoandco.be\/index.php\/wp-json\/wp\/v2\/comments?post=509"}],"version-history":[{"count":32,"href":"https:\/\/www.chancoandco.be\/index.php\/wp-json\/wp\/v2\/pages\/509\/revisions"}],"predecessor-version":[{"id":882,"href":"https:\/\/www.chancoandco.be\/index.php\/wp-json\/wp\/v2\/pages\/509\/revisions\/882"}],"wp:attachment":[{"href":"https:\/\/www.chancoandco.be\/index.php\/wp-json\/wp\/v2\/media?parent=509"}],"curies":[{"name":"wp","href":"https:\/\/api.w.org\/{rel}","templated":true}]}}